{"id":24641,"date":"2023-03-20T17:12:14","date_gmt":"2023-03-20T17:12:14","guid":{"rendered":"https:\/\/www.catedraemalcsa.com\/?page_id=24641"},"modified":"2023-03-20T17:24:49","modified_gmt":"2023-03-20T17:24:49","slug":"politica-de-privacidade","status":"publish","type":"page","link":"https:\/\/www.catedraemalcsa.com\/gl\/politica-de-privacidade\/","title":{"rendered":"Pol\u00edtica de privacidade"},"content":{"rendered":"\t\t<div data-elementor-type=\"wp-page\" data-elementor-id=\"24641\" class=\"elementor elementor-24641 elementor-24640\">\n\t\t\t\t\t\t<section class=\"elementor-section elementor-top-section elementor-element elementor-element-c51e534 elementor-section-boxed elementor-section-height-default elementor-section-height-default sc_fly_static\" data-id=\"c51e534\" data-element_type=\"section\" data-e-type=\"section\">\n\t\t\t\t\t\t<div class=\"elementor-container elementor-column-gap-extended\">\n\t\t\t\t\t<div class=\"elementor-column elementor-col-100 elementor-top-column elementor-element elementor-element-e9758ab sc_inner_width_none sc_content_align_inherit sc_layouts_column_icons_position_left sc_fly_static\" data-id=\"e9758ab\" data-element_type=\"column\" data-e-type=\"column\">\n\t\t\t<div class=\"elementor-widget-wrap elementor-element-populated\">\n\t\t\t\t\t\t<div class=\"elementor-element elementor-element-707f140 sc_fly_static elementor-widget elementor-widget-text-editor\" data-id=\"707f140\" data-element_type=\"widget\" data-e-type=\"widget\" data-widget_type=\"text-editor.default\">\n\t\t\t\t<div class=\"elementor-widget-container\">\n\t\t\t\t\t\t\t\t\t<ol><li>El acceso a \u00e9ste sitio web y a aquellos perfiles\/cuentas de FUNDACI\u00d3N DE LA UNIVERSIDAD DE A CORU\u00d1A\u00a0en Redes Sociales (que as\u00ed lo permitan) como visitante, sin demanda de ning\u00fan tipo de servicio no requerir\u00e1 en ning\u00fan caso que el usuario tenga que facilitar ning\u00fan dato sobre si mismo.<\/li><li>FUNDACI\u00d3N DE LA UNIVERSIDAD DE A CORU\u00d1A\u00a0ha procedido, de acuerdo con la legislaci\u00f3n vigente en materia de protecci\u00f3n de datos personales, a adoptar todas las medidas de \u00edndole t\u00e9cnica y organizativa\u00a0a fin de garantizar en todo momento la confidencialidad e integridad de los datos que Vd. como usuario pudiere facilitarnos y evitar su alteraci\u00f3n o p\u00e9rdida.<\/li><li><p><strong>Procedimientos de recogida de datos, finalidades de sus tratamientos y tiempo de conservaci\u00f3n<\/strong><br \/>Los datos proporcionados a trav\u00e9s de cualquiera de los enlaces\/formularios que haya en el website\/s www.fundaci\u00f3n.udc.es as\u00ed como los resultantes de la relaci\u00f3n establecida, as\u00ed como los resultantes de la relaci\u00f3n establecida, formar\u00e1n parte de uno o varios tratamientos del\/de los cual\/es FUNDACION DE LA UNIVERSIDAD DE A CORU\u00d1A es responsable, conserv\u00e1ndose mientras dure la citada relaci\u00f3n o durante los a\u00f1os necesarios para cumplir con las distintas obligaciones legales que en cualquier momento y en cualquier medida le sean de aplicaci\u00f3n. As\u00ed mismo podr\u00e1n ser utilizados para la prestaci\u00f3n del servicio solicitado y\/o para la atenci\u00f3n a su demanda de informaci\u00f3n, as\u00ed como para futuros contactos comerciales. Caso de que el medio de suministro por parte del usuario de sus datos sea a trav\u00e9s de redes sociales d\u00f3nde FUNDACION DE LA UNIVERSIDAD DE A CORU\u00d1A tenga un perfil\/cuenta activa, y su finalidad sea distinta a la meramente necesaria para las condiciones de utilizaci\u00f3n que marque cada red social en particular, deber\u00e1 de dirigirse a los formularios\/enlaces del Sitio Web de FUNDACION DE LA UNIVERSIDAD DE A CORU\u00d1A para la demanda de cualquier otro tipo de servicio por parte de esta. En los formularios para la recogida de datos, se se\u00f1alar\u00e1 cu\u00e1les tienen car\u00e1cter obligatorio y cu\u00e1les no. El no suministro de datos calificados como de car\u00e1cter obligatorio supondr\u00e1 la imposibilidad de acceder al servicio o la no prestaci\u00f3n de \u00e9ste.<\/p><\/li><li><strong>Petici\u00f3n de Consentimientos<\/strong><br \/>El titular de los datos suministrados autoriza de forma expresa, mediante la aceptaci\u00f3n de la presente pol\u00edtica de privacidad: el tratamiento de estos por parte de FUNDACI\u00d3N UNIVERSIDAD DE A CORU\u00d1A para las finalidades descritas; el env\u00edo tanto por v\u00eda telem\u00e1tica, como por cualquier otro medio ordinario o que en un futuro la t\u00e9cnica desarrolle, cuanta informaci\u00f3n y\/o publicidad, FUNDACION DE LA UNIVERSIDAD DE A CORU\u00d1A considere pertinente a fin de mantenerle convenientemente informado sobre las actividades desarrolladas por \u00e9sta; la comunicaci\u00f3n de aquellos datos necesarios a socios y\/o Patronos de la FUNDACION UNIVERSIDAD DE A CORU\u00d1A y dem\u00e1s entidades colaboradoras con la\/s siguiente\/s finalidad\/es: Tramitaci\u00f3n, gesti\u00f3n y\/o desarrollo de cualquier actividad de innovaci\u00f3n, investigaci\u00f3n, formaci\u00f3n, empleo y\/o patrocinio promovida o que cuente con la colaboraci\u00f3n de esta Fundaci\u00f3n. El usuario de los perfiles\/cuentas de FUNDACION DE LA UNIVERSIDAD DE A CORU\u00d1A en redes sociales, autoriza, en aquellos supuestos que la legislaci\u00f3n lo permita, la utilizaci\u00f3n, reproducci\u00f3n y\/o comunicaci\u00f3n a terceros de cualquier opini\u00f3n y archivo de audio\/video (sin copyright) que el mismo inserte en dichas redes. En todo caso y especialmente en archivos de audio\/video se entender\u00e1 que el usuario cuenta con autorizaci\u00f3n de personas que aparezcan en ellos distintas al mismo, siendo de su \u00fanica y exclusiva responsabilidad la no contemplaci\u00f3n de \u00e9stos hechos. Asimismo y de acuerdo con lo anterior, el usuario, se compromete a comunicar por el mismo medio y en los t\u00e9rminos que se establecen para el ejercicio de derechos cualquier modificaci\u00f3n que se produzca en los datos aportados. El usuario podr\u00e1 revocar su consentimiento para los tratamientos se\u00f1alados en los p\u00e1rrafos anteriores de acuerdo con lo establecido en la legislaci\u00f3n vigente en materia de protecci\u00f3n de datos personales a la direcci\u00f3n del Responsable de Tratamiento: FUNDACION DE LA UNIVERSIDAD DE A CORU\u00d1A, Paseo de Ronda, ; 15004 La Coru\u00f1a mediante los procedimientos que est\u00e9n establecidos legalmente en cada momento. Igualmente y con car\u00e1cter previo, el usuario, a trav\u00e9s de los cuadros de verificaci\u00f3n establecidos en los distintos formularios o mediante env\u00edo de mail, podr\u00e1 indicar a FUNDACION DE LA UNIVERSIDAD DE A CORU\u00d1A, que no desea recibir m\u00e1s informaci\u00f3n\/publicidad de la inherente a la petici\u00f3n solicitada y\/o a los servicios contratados.<\/li><li><p><strong>Ejercicio de Derechos<\/strong><br \/>Le informamos de que debe dirigirse por cualquier medio que permita acreditar el env\u00edo y recepci\u00f3n de la solicitud, a FUNDACION DE LA UNIVERSIDAD DE A CORU\u00d1A, Paseo de Ronda, 47 \/ 2\u00ba.; 15011 A Coru\u00f1a, para el ejercicio de los derechos de acceso, rectificaci\u00f3n, oposici\u00f3n, supresi\u00f3n y limitaci\u00f3n de tratamiento de los datos personales . As\u00ed mismo, tambi\u00e9n podr\u00e1 ejercitar su derecho de reclamaci\u00f3n y\/o tutela ante la Agencia Espa\u00f1ola de Protecci\u00f3n de Datos, siguiendo para ello lo indicado en cada momento por la citada entidad.<\/p><\/li><li><p>FUNDACION DE LA UNIVERSIDAD DE A CORU\u00d1A se compromete, en la medida de sus posibilidades, a atender las peticiones que en cualquier momento y utilizando siempre los cauces que la ley establezca, pueda plantear el usuario, en cuanto a observaciones, mejoras y reclamaciones.<\/p><\/li><\/ol>\t\t\t\t\t\t\t\t<\/div>\n\t\t\t\t<\/div>\n\t\t\t\t\t<\/div>\n\t\t<\/div>\n\t\t\t\t\t<\/div>\n\t\t<\/section>\n\t\t\t\t<\/div>\n\t\t","protected":false},"excerpt":{"rendered":"<p>El acceso a \u00e9ste sitio web y a aquellos perfiles\/cuentas de FUNDACI\u00d3N DE LA UNIVERSIDAD&hellip;<\/p>\n","protected":false},"author":1,"featured_media":0,"parent":0,"menu_order":0,"comment_status":"closed","ping_status":"closed","template":"","meta":{"inline_featured_image":false,"_themeisle_gutenberg_block_has_review":false,"footnotes":""},"class_list":["post-24641","page","type-page","status-publish","hentry"],"yoast_head":"<!-- This site is optimized with the Yoast SEO plugin v26.9 - https:\/\/yoast.com\/product\/yoast-seo-wordpress\/ -->\n<title>Pol\u00edtica de privacidade - C\u00e1tedra Emalcsa - UDC<\/title>\n<meta name=\"robots\" content=\"index, follow, max-snippet:-1, max-image-preview:large, max-video-preview:-1\" \/>\n<link rel=\"canonical\" href=\"https:\/\/www.catedraemalcsa.com\/gl\/politica-de-privacidade\/\" \/>\n<meta property=\"og:locale\" content=\"gl_ES\" \/>\n<meta property=\"og:type\" content=\"article\" \/>\n<meta property=\"og:title\" content=\"Pol\u00edtica de privacidade - C\u00e1tedra Emalcsa - UDC\" \/>\n<meta property=\"og:description\" content=\"El acceso a \u00e9ste sitio web y a aquellos perfiles\/cuentas de FUNDACI\u00d3N DE LA UNIVERSIDAD&hellip;\" \/>\n<meta property=\"og:url\" content=\"https:\/\/www.catedraemalcsa.com\/gl\/politica-de-privacidade\/\" \/>\n<meta property=\"og:site_name\" content=\"C\u00e1tedra Emalcsa - UDC\" \/>\n<meta property=\"article:publisher\" content=\"https:\/\/www.facebook.com\/Ctedra-Emalcsa-Udc-426980904504313\/\" \/>\n<meta property=\"article:modified_time\" content=\"2023-03-20T17:24:49+00:00\" \/>\n<meta name=\"twitter:card\" content=\"summary_large_image\" \/>\n<meta name=\"twitter:site\" content=\"@CatEmalcsaUdc\" \/>\n<meta name=\"twitter:label1\" content=\"Tempo de lectura\" \/>\n\t<meta name=\"twitter:data1\" content=\"5 minutos\" \/>\n<script type=\"application\/ld+json\" class=\"yoast-schema-graph\">{\"@context\":\"https:\/\/schema.org\",\"@graph\":[{\"@type\":\"WebPage\",\"@id\":\"https:\/\/www.catedraemalcsa.com\/gl\/politica-de-privacidade\/\",\"url\":\"https:\/\/www.catedraemalcsa.com\/gl\/politica-de-privacidade\/\",\"name\":\"Pol\u00edtica de privacidade - C\u00e1tedra Emalcsa - UDC\",\"isPartOf\":{\"@id\":\"https:\/\/www.catedraemalcsa.com\/gl\/#website\"},\"datePublished\":\"2023-03-20T17:12:14+00:00\",\"dateModified\":\"2023-03-20T17:24:49+00:00\",\"breadcrumb\":{\"@id\":\"https:\/\/www.catedraemalcsa.com\/gl\/politica-de-privacidade\/#breadcrumb\"},\"inLanguage\":\"gl-ES\",\"potentialAction\":[{\"@type\":\"ReadAction\",\"target\":[\"https:\/\/www.catedraemalcsa.com\/gl\/politica-de-privacidade\/\"]}]},{\"@type\":\"BreadcrumbList\",\"@id\":\"https:\/\/www.catedraemalcsa.com\/gl\/politica-de-privacidade\/#breadcrumb\",\"itemListElement\":[{\"@type\":\"ListItem\",\"position\":1,\"name\":\"Portada\",\"item\":\"https:\/\/www.catedraemalcsa.com\/gl\/\"},{\"@type\":\"ListItem\",\"position\":2,\"name\":\"Pol\u00edtica de privacidade\"}]},{\"@type\":\"WebSite\",\"@id\":\"https:\/\/www.catedraemalcsa.com\/gl\/#website\",\"url\":\"https:\/\/www.catedraemalcsa.com\/gl\/\",\"name\":\"C\u00e1tedra Emalcsa - UDC\",\"description\":\"P\u00e1gina web de la C\u00e1tedra Emalcsa - UDC en la que se tratan aspectos relacionados con la gesti\u00f3n integrada del recurso del agua.\",\"publisher\":{\"@id\":\"https:\/\/www.catedraemalcsa.com\/gl\/#organization\"},\"potentialAction\":[{\"@type\":\"SearchAction\",\"target\":{\"@type\":\"EntryPoint\",\"urlTemplate\":\"https:\/\/www.catedraemalcsa.com\/gl\/?s={search_term_string}\"},\"query-input\":{\"@type\":\"PropertyValueSpecification\",\"valueRequired\":true,\"valueName\":\"search_term_string\"}}],\"inLanguage\":\"gl-ES\"},{\"@type\":\"Organization\",\"@id\":\"https:\/\/www.catedraemalcsa.com\/gl\/#organization\",\"name\":\"C\u00e1tedra Emalcsa - UDC\",\"url\":\"https:\/\/www.catedraemalcsa.com\/gl\/\",\"logo\":{\"@type\":\"ImageObject\",\"inLanguage\":\"gl-ES\",\"@id\":\"https:\/\/www.catedraemalcsa.com\/gl\/#\/schema\/logo\/image\/\",\"url\":\"https:\/\/www.catedraemalcsa.com\/wp-content\/uploads\/2022\/10\/LOGOTIPO-EMALCSA.png\",\"contentUrl\":\"https:\/\/www.catedraemalcsa.com\/wp-content\/uploads\/2022\/10\/LOGOTIPO-EMALCSA.png\",\"width\":600,\"height\":180,\"caption\":\"C\u00e1tedra Emalcsa - UDC\"},\"image\":{\"@id\":\"https:\/\/www.catedraemalcsa.com\/gl\/#\/schema\/logo\/image\/\"},\"sameAs\":[\"https:\/\/www.facebook.com\/Ctedra-Emalcsa-Udc-426980904504313\/\",\"https:\/\/x.com\/CatEmalcsaUdc\",\"http:\/\/www.linkedin.com\/in\/catedra-emalcsa-udc\"]}]}<\/script>\n<!-- \/ Yoast SEO plugin. -->","yoast_head_json":{"title":"Pol\u00edtica de privacidade - C\u00e1tedra Emalcsa - UDC","robots":{"index":"index","follow":"follow","max-snippet":"max-snippet:-1","max-image-preview":"max-image-preview:large","max-video-preview":"max-video-preview:-1"},"canonical":"https:\/\/www.catedraemalcsa.com\/gl\/politica-de-privacidade\/","og_locale":"gl_ES","og_type":"article","og_title":"Pol\u00edtica de privacidade - C\u00e1tedra Emalcsa - UDC","og_description":"El acceso a \u00e9ste sitio web y a aquellos perfiles\/cuentas de FUNDACI\u00d3N DE LA UNIVERSIDAD&hellip;","og_url":"https:\/\/www.catedraemalcsa.com\/gl\/politica-de-privacidade\/","og_site_name":"C\u00e1tedra Emalcsa - UDC","article_publisher":"https:\/\/www.facebook.com\/Ctedra-Emalcsa-Udc-426980904504313\/","article_modified_time":"2023-03-20T17:24:49+00:00","twitter_card":"summary_large_image","twitter_site":"@CatEmalcsaUdc","twitter_misc":{"Tempo de lectura":"5 minutos"},"schema":{"@context":"https:\/\/schema.org","@graph":[{"@type":"WebPage","@id":"https:\/\/www.catedraemalcsa.com\/gl\/politica-de-privacidade\/","url":"https:\/\/www.catedraemalcsa.com\/gl\/politica-de-privacidade\/","name":"Pol\u00edtica de privacidade - C\u00e1tedra Emalcsa - UDC","isPartOf":{"@id":"https:\/\/www.catedraemalcsa.com\/gl\/#website"},"datePublished":"2023-03-20T17:12:14+00:00","dateModified":"2023-03-20T17:24:49+00:00","breadcrumb":{"@id":"https:\/\/www.catedraemalcsa.com\/gl\/politica-de-privacidade\/#breadcrumb"},"inLanguage":"gl-ES","potentialAction":[{"@type":"ReadAction","target":["https:\/\/www.catedraemalcsa.com\/gl\/politica-de-privacidade\/"]}]},{"@type":"BreadcrumbList","@id":"https:\/\/www.catedraemalcsa.com\/gl\/politica-de-privacidade\/#breadcrumb","itemListElement":[{"@type":"ListItem","position":1,"name":"Portada","item":"https:\/\/www.catedraemalcsa.com\/gl\/"},{"@type":"ListItem","position":2,"name":"Pol\u00edtica de privacidade"}]},{"@type":"WebSite","@id":"https:\/\/www.catedraemalcsa.com\/gl\/#website","url":"https:\/\/www.catedraemalcsa.com\/gl\/","name":"C\u00e1tedra Emalcsa - UDC","description":"P\u00e1gina web de la C\u00e1tedra Emalcsa - UDC en la que se tratan aspectos relacionados con la gesti\u00f3n integrada del recurso del agua.","publisher":{"@id":"https:\/\/www.catedraemalcsa.com\/gl\/#organization"},"potentialAction":[{"@type":"SearchAction","target":{"@type":"EntryPoint","urlTemplate":"https:\/\/www.catedraemalcsa.com\/gl\/?s={search_term_string}"},"query-input":{"@type":"PropertyValueSpecification","valueRequired":true,"valueName":"search_term_string"}}],"inLanguage":"gl-ES"},{"@type":"Organization","@id":"https:\/\/www.catedraemalcsa.com\/gl\/#organization","name":"C\u00e1tedra Emalcsa - UDC","url":"https:\/\/www.catedraemalcsa.com\/gl\/","logo":{"@type":"ImageObject","inLanguage":"gl-ES","@id":"https:\/\/www.catedraemalcsa.com\/gl\/#\/schema\/logo\/image\/","url":"https:\/\/www.catedraemalcsa.com\/wp-content\/uploads\/2022\/10\/LOGOTIPO-EMALCSA.png","contentUrl":"https:\/\/www.catedraemalcsa.com\/wp-content\/uploads\/2022\/10\/LOGOTIPO-EMALCSA.png","width":600,"height":180,"caption":"C\u00e1tedra Emalcsa - UDC"},"image":{"@id":"https:\/\/www.catedraemalcsa.com\/gl\/#\/schema\/logo\/image\/"},"sameAs":["https:\/\/www.facebook.com\/Ctedra-Emalcsa-Udc-426980904504313\/","https:\/\/x.com\/CatEmalcsaUdc","http:\/\/www.linkedin.com\/in\/catedra-emalcsa-udc"]}]}},"_links":{"self":[{"href":"https:\/\/www.catedraemalcsa.com\/gl\/wp-json\/wp\/v2\/pages\/24641","targetHints":{"allow":["GET"]}}],"collection":[{"href":"https:\/\/www.catedraemalcsa.com\/gl\/wp-json\/wp\/v2\/pages"}],"about":[{"href":"https:\/\/www.catedraemalcsa.com\/gl\/wp-json\/wp\/v2\/types\/page"}],"author":[{"embeddable":true,"href":"https:\/\/www.catedraemalcsa.com\/gl\/wp-json\/wp\/v2\/users\/1"}],"replies":[{"embeddable":true,"href":"https:\/\/www.catedraemalcsa.com\/gl\/wp-json\/wp\/v2\/comments?post=24641"}],"version-history":[{"count":0,"href":"https:\/\/www.catedraemalcsa.com\/gl\/wp-json\/wp\/v2\/pages\/24641\/revisions"}],"wp:attachment":[{"href":"https:\/\/www.catedraemalcsa.com\/gl\/wp-json\/wp\/v2\/media?parent=24641"}],"curies":[{"name":"wp","href":"https:\/\/api.w.org\/{rel}","templated":true}]}}