{"id":23498,"date":"2023-03-15T15:23:57","date_gmt":"2023-03-15T15:23:57","guid":{"rendered":"https:\/\/www.catedraemalcsa.com\/pagina-de-mantenimiento\/"},"modified":"2023-03-15T19:04:23","modified_gmt":"2023-03-15T19:04:23","slug":"pagina-de-mantenimiento","status":"publish","type":"page","link":"https:\/\/www.catedraemalcsa.com\/gl\/pagina-de-mantenimiento\/","title":{"rendered":"P\u00e1gina de mantenimiento"},"content":{"rendered":"\n<div id=\"wp-block-themeisle-blocks-advanced-columns-0d617423\" class=\"wp-block-themeisle-blocks-advanced-columns alignfull has-1-columns has-desktop-equal-layout has-tablet-equal-layout has-mobile-equal-layout has-vertical-center\"><div class=\"wp-block-themeisle-blocks-advanced-columns-overlay\"><\/div><div class=\"innerblocks-wrap\">\n<div id=\"wp-block-themeisle-blocks-advanced-column-09847c7b\" class=\"wp-block-themeisle-blocks-advanced-column\">\n<figure class=\"wp-block-image aligncenter size-full ticss-3f08ab9a\"><img fetchpriority=\"high\" decoding=\"async\" width=\"600\" height=\"180\" src=\"https:\/\/www.catedraemalcsa.com\/wp-content\/uploads\/2022\/10\/LOGOTIPO-EMALCSA.png\" alt=\"\" class=\"wp-image-21979\" srcset=\"https:\/\/www.catedraemalcsa.com\/wp-content\/uploads\/2022\/10\/LOGOTIPO-EMALCSA.png 600w, https:\/\/www.catedraemalcsa.com\/wp-content\/uploads\/2022\/10\/LOGOTIPO-EMALCSA-300x90.png 300w, https:\/\/www.catedraemalcsa.com\/wp-content\/uploads\/2022\/10\/LOGOTIPO-EMALCSA-370x111.png 370w, https:\/\/www.catedraemalcsa.com\/wp-content\/uploads\/2022\/10\/LOGOTIPO-EMALCSA-410x123.png 410w\" sizes=\"(max-width: 600px) 100vw, 600px\" \/><\/figure>\n\n\n\n<h1 id=\"wp-block-themeisle-blocks-advanced-heading-84bfa495\" class=\"wp-block-themeisle-blocks-advanced-heading wp-block-themeisle-blocks-advanced-heading-84bfa495\">Nueva web pr\u00f3ximamente.<\/h1>\n\n\n\n<div style=\"height:40px\" aria-hidden=\"true\" class=\"wp-block-spacer\"><\/div>\n\n\n\n<div id=\"wp-block-themeisle-blocks-countdown-aead0e2a\" data-date=\"2023-03-22T00:00:00\" class=\"wp-block-themeisle-blocks-countdown\"><div class=\"otter-countdown__container\"><div class=\"otter-countdown__display\"><div name=\"day\" class=\"otter-countdown__display-area is-main-component\"><div class=\"otter-countdown__value\">0<\/div><div class=\"otter-countdown__label\">D\u00eda<\/div><\/div><div name=\"hour\" class=\"otter-countdown__display-area is-main-component\"><div class=\"otter-countdown__value\">0<\/div><div class=\"otter-countdown__label\">Hour<\/div><\/div><div name=\"minute\" class=\"otter-countdown__display-area is-main-component\"><div class=\"otter-countdown__value\">0<\/div><div class=\"otter-countdown__label\">Minute<\/div><\/div><div name=\"second\" class=\"otter-countdown__display-area is-main-component\"><div class=\"otter-countdown__value\">0<\/div><div class=\"otter-countdown__label\">Second<\/div><\/div><\/div><\/div><\/div>\n\n\n\n<div style=\"height:40px\" aria-hidden=\"true\" class=\"wp-block-spacer\"><\/div>\n\n\n\n<p id=\"wp-block-themeisle-blocks-advanced-heading-4956a7c6\" class=\"wp-block-themeisle-blocks-advanced-heading wp-block-themeisle-blocks-advanced-heading-4956a7c6\">Estamos trabajando para publicar nuestra nueva web el pr\u00f3ximo 22 de marzo.<\/p>\n\n\n\n<ul class=\"wp-block-social-links has-large-icon-size has-icon-color has-icon-background-color is-style-default is-content-justification-center is-layout-flex wp-container-core-social-links-is-layout-16018d1d wp-block-social-links-is-layout-flex\"><li style=\"color:#ffffff;background-color:#67a0d1;\" class=\"wp-social-link wp-social-link-facebook has-white-color wp-block-social-link\"><a href=\"https:\/\/www.facebook.com\/C%C3%A1tedra-Emalcsa-Udc-426980904504313\/\" class=\"wp-block-social-link-anchor\"><svg width=\"24\" height=\"24\" viewBox=\"0 0 24 24\" version=\"1.1\" xmlns=\"http:\/\/www.w3.org\/2000\/svg\" aria-hidden=\"true\" focusable=\"false\"><path d=\"M12 2C6.5 2 2 6.5 2 12c0 5 3.7 9.1 8.4 9.9v-7H7.9V12h2.5V9.8c0-2.5 1.5-3.9 3.8-3.9 1.1 0 2.2.2 2.2.2v2.5h-1.3c-1.2 0-1.6.8-1.6 1.6V12h2.8l-.4 2.9h-2.3v7C18.3 21.1 22 17 22 12c0-5.5-4.5-10-10-10z\"><\/path><\/svg><span class=\"wp-block-social-link-label screen-reader-text\">Facebook<\/span><\/a><\/li>\n\n<li style=\"color:#ffffff;background-color:#67a0d1;\" class=\"wp-social-link wp-social-link-twitter has-white-color wp-block-social-link\"><a href=\"https:\/\/twitter.com\/CatEmalcsaUdc\" class=\"wp-block-social-link-anchor\"><svg width=\"24\" height=\"24\" viewBox=\"0 0 24 24\" version=\"1.1\" xmlns=\"http:\/\/www.w3.org\/2000\/svg\" aria-hidden=\"true\" focusable=\"false\"><path d=\"M22.23,5.924c-0.736,0.326-1.527,0.547-2.357,0.646c0.847-0.508,1.498-1.312,1.804-2.27 c-0.793,0.47-1.671,0.812-2.606,0.996C18.324,4.498,17.257,4,16.077,4c-2.266,0-4.103,1.837-4.103,4.103 c0,0.322,0.036,0.635,0.106,0.935C8.67,8.867,5.647,7.234,3.623,4.751C3.27,5.357,3.067,6.062,3.067,6.814 c0,1.424,0.724,2.679,1.825,3.415c-0.673-0.021-1.305-0.206-1.859-0.513c0,0.017,0,0.034,0,0.052c0,1.988,1.414,3.647,3.292,4.023 c-0.344,0.094-0.707,0.144-1.081,0.144c-0.264,0-0.521-0.026-0.772-0.074c0.522,1.63,2.038,2.816,3.833,2.85 c-1.404,1.1-3.174,1.756-5.096,1.756c-0.331,0-0.658-0.019-0.979-0.057c1.816,1.164,3.973,1.843,6.29,1.843 c7.547,0,11.675-6.252,11.675-11.675c0-0.178-0.004-0.355-0.012-0.531C20.985,7.47,21.68,6.747,22.23,5.924z\"><\/path><\/svg><span class=\"wp-block-social-link-label screen-reader-text\">Twitter<\/span><\/a><\/li>\n\n<li style=\"color:#ffffff;background-color:#67a0d1;\" class=\"wp-social-link wp-social-link-linkedin has-white-color wp-block-social-link\"><a href=\"http:\/\/www.linkedin.com\/in\/catedra-emalcsa-udc\" class=\"wp-block-social-link-anchor\"><svg width=\"24\" height=\"24\" viewBox=\"0 0 24 24\" version=\"1.1\" xmlns=\"http:\/\/www.w3.org\/2000\/svg\" aria-hidden=\"true\" focusable=\"false\"><path d=\"M19.7,3H4.3C3.582,3,3,3.582,3,4.3v15.4C3,20.418,3.582,21,4.3,21h15.4c0.718,0,1.3-0.582,1.3-1.3V4.3 C21,3.582,20.418,3,19.7,3z M8.339,18.338H5.667v-8.59h2.672V18.338z M7.004,8.574c-0.857,0-1.549-0.694-1.549-1.548 c0-0.855,0.691-1.548,1.549-1.548c0.854,0,1.547,0.694,1.547,1.548C8.551,7.881,7.858,8.574,7.004,8.574z M18.339,18.338h-2.669 v-4.177c0-0.996-0.017-2.278-1.387-2.278c-1.389,0-1.601,1.086-1.601,2.206v4.249h-2.667v-8.59h2.559v1.174h0.037 c0.356-0.675,1.227-1.387,2.526-1.387c2.703,0,3.203,1.779,3.203,4.092V18.338z\"><\/path><\/svg><span class=\"wp-block-social-link-label screen-reader-text\">LinkedIn<\/span><\/a><\/li><\/ul>\n<\/div>\n<\/div><\/div>\n","protected":false},"excerpt":{"rendered":"","protected":false},"author":1,"featured_media":0,"parent":0,"menu_order":0,"comment_status":"closed","ping_status":"closed","template":"templates\/wpmm-page-template.php","meta":{"inline_featured_image":false,"_themeisle_gutenberg_block_has_review":false,"footnotes":""},"class_list":["post-23498","page","type-page","status-publish","hentry"],"yoast_head":"<!-- This site is optimized with the Yoast SEO plugin v27.5 - https:\/\/yoast.com\/product\/yoast-seo-wordpress\/ -->\n<title>P\u00e1gina de mantenimiento - C\u00e1tedra Emalcsa - UDC<\/title>\n<meta name=\"robots\" content=\"index, follow, max-snippet:-1, max-image-preview:large, max-video-preview:-1\" \/>\n<link rel=\"canonical\" href=\"https:\/\/www.catedraemalcsa.com\/gl\/pagina-de-mantenimiento\/\" \/>\n<meta property=\"og:locale\" content=\"gl_ES\" \/>\n<meta property=\"og:type\" content=\"article\" \/>\n<meta property=\"og:title\" content=\"P\u00e1gina de mantenimiento - C\u00e1tedra Emalcsa - UDC\" \/>\n<meta property=\"og:url\" content=\"https:\/\/www.catedraemalcsa.com\/gl\/pagina-de-mantenimiento\/\" \/>\n<meta property=\"og:site_name\" content=\"C\u00e1tedra Emalcsa - UDC\" \/>\n<meta property=\"article:publisher\" content=\"https:\/\/www.facebook.com\/Ctedra-Emalcsa-Udc-426980904504313\/\" \/>\n<meta property=\"article:modified_time\" content=\"2023-03-15T19:04:23+00:00\" \/>\n<meta property=\"og:image\" content=\"https:\/\/www.catedraemalcsa.com\/wp-content\/uploads\/2022\/10\/LOGOTIPO-EMALCSA.png\" \/>\n<meta name=\"twitter:card\" content=\"summary_large_image\" \/>\n<meta name=\"twitter:site\" content=\"@CatEmalcsaUdc\" \/>\n<script type=\"application\/ld+json\" class=\"yoast-schema-graph\">{\"@context\":\"https:\\\/\\\/schema.org\",\"@graph\":[{\"@type\":\"WebPage\",\"@id\":\"https:\\\/\\\/www.catedraemalcsa.com\\\/gl\\\/pagina-de-mantenimiento\\\/\",\"url\":\"https:\\\/\\\/www.catedraemalcsa.com\\\/gl\\\/pagina-de-mantenimiento\\\/\",\"name\":\"P\u00e1gina de mantenimiento - C\u00e1tedra Emalcsa - UDC\",\"isPartOf\":{\"@id\":\"https:\\\/\\\/www.catedraemalcsa.com\\\/gl\\\/#website\"},\"primaryImageOfPage\":{\"@id\":\"https:\\\/\\\/www.catedraemalcsa.com\\\/gl\\\/pagina-de-mantenimiento\\\/#primaryimage\"},\"image\":{\"@id\":\"https:\\\/\\\/www.catedraemalcsa.com\\\/gl\\\/pagina-de-mantenimiento\\\/#primaryimage\"},\"thumbnailUrl\":\"https:\\\/\\\/www.catedraemalcsa.com\\\/wp-content\\\/uploads\\\/2022\\\/10\\\/LOGOTIPO-EMALCSA.png\",\"datePublished\":\"2023-03-15T15:23:57+00:00\",\"dateModified\":\"2023-03-15T19:04:23+00:00\",\"breadcrumb\":{\"@id\":\"https:\\\/\\\/www.catedraemalcsa.com\\\/gl\\\/pagina-de-mantenimiento\\\/#breadcrumb\"},\"inLanguage\":\"gl-ES\",\"potentialAction\":[{\"@type\":\"ReadAction\",\"target\":[\"https:\\\/\\\/www.catedraemalcsa.com\\\/gl\\\/pagina-de-mantenimiento\\\/\"]}]},{\"@type\":\"ImageObject\",\"inLanguage\":\"gl-ES\",\"@id\":\"https:\\\/\\\/www.catedraemalcsa.com\\\/gl\\\/pagina-de-mantenimiento\\\/#primaryimage\",\"url\":\"https:\\\/\\\/www.catedraemalcsa.com\\\/wp-content\\\/uploads\\\/2022\\\/10\\\/LOGOTIPO-EMALCSA.png\",\"contentUrl\":\"https:\\\/\\\/www.catedraemalcsa.com\\\/wp-content\\\/uploads\\\/2022\\\/10\\\/LOGOTIPO-EMALCSA.png\"},{\"@type\":\"BreadcrumbList\",\"@id\":\"https:\\\/\\\/www.catedraemalcsa.com\\\/gl\\\/pagina-de-mantenimiento\\\/#breadcrumb\",\"itemListElement\":[{\"@type\":\"ListItem\",\"position\":1,\"name\":\"Portada\",\"item\":\"https:\\\/\\\/www.catedraemalcsa.com\\\/gl\\\/\"},{\"@type\":\"ListItem\",\"position\":2,\"name\":\"P\u00e1gina de mantenimiento\"}]},{\"@type\":\"WebSite\",\"@id\":\"https:\\\/\\\/www.catedraemalcsa.com\\\/gl\\\/#website\",\"url\":\"https:\\\/\\\/www.catedraemalcsa.com\\\/gl\\\/\",\"name\":\"C\u00e1tedra Emalcsa - UDC\",\"description\":\"P\u00e1gina web de la C\u00e1tedra Emalcsa - UDC en la que se tratan aspectos relacionados con la gesti\u00f3n integrada del recurso del agua.\",\"publisher\":{\"@id\":\"https:\\\/\\\/www.catedraemalcsa.com\\\/gl\\\/#organization\"},\"potentialAction\":[{\"@type\":\"SearchAction\",\"target\":{\"@type\":\"EntryPoint\",\"urlTemplate\":\"https:\\\/\\\/www.catedraemalcsa.com\\\/gl\\\/?s={search_term_string}\"},\"query-input\":{\"@type\":\"PropertyValueSpecification\",\"valueRequired\":true,\"valueName\":\"search_term_string\"}}],\"inLanguage\":\"gl-ES\"},{\"@type\":\"Organization\",\"@id\":\"https:\\\/\\\/www.catedraemalcsa.com\\\/gl\\\/#organization\",\"name\":\"C\u00e1tedra Emalcsa - UDC\",\"url\":\"https:\\\/\\\/www.catedraemalcsa.com\\\/gl\\\/\",\"logo\":{\"@type\":\"ImageObject\",\"inLanguage\":\"gl-ES\",\"@id\":\"https:\\\/\\\/www.catedraemalcsa.com\\\/gl\\\/#\\\/schema\\\/logo\\\/image\\\/\",\"url\":\"https:\\\/\\\/www.catedraemalcsa.com\\\/wp-content\\\/uploads\\\/2022\\\/10\\\/LOGOTIPO-EMALCSA.png\",\"contentUrl\":\"https:\\\/\\\/www.catedraemalcsa.com\\\/wp-content\\\/uploads\\\/2022\\\/10\\\/LOGOTIPO-EMALCSA.png\",\"width\":600,\"height\":180,\"caption\":\"C\u00e1tedra Emalcsa - UDC\"},\"image\":{\"@id\":\"https:\\\/\\\/www.catedraemalcsa.com\\\/gl\\\/#\\\/schema\\\/logo\\\/image\\\/\"},\"sameAs\":[\"https:\\\/\\\/www.facebook.com\\\/Ctedra-Emalcsa-Udc-426980904504313\\\/\",\"https:\\\/\\\/x.com\\\/CatEmalcsaUdc\",\"http:\\\/\\\/www.linkedin.com\\\/in\\\/catedra-emalcsa-udc\"]}]}<\/script>\n<!-- \/ Yoast SEO plugin. -->","yoast_head_json":{"title":"P\u00e1gina de mantenimiento - C\u00e1tedra Emalcsa - UDC","robots":{"index":"index","follow":"follow","max-snippet":"max-snippet:-1","max-image-preview":"max-image-preview:large","max-video-preview":"max-video-preview:-1"},"canonical":"https:\/\/www.catedraemalcsa.com\/gl\/pagina-de-mantenimiento\/","og_locale":"gl_ES","og_type":"article","og_title":"P\u00e1gina de mantenimiento - C\u00e1tedra Emalcsa - UDC","og_url":"https:\/\/www.catedraemalcsa.com\/gl\/pagina-de-mantenimiento\/","og_site_name":"C\u00e1tedra Emalcsa - UDC","article_publisher":"https:\/\/www.facebook.com\/Ctedra-Emalcsa-Udc-426980904504313\/","article_modified_time":"2023-03-15T19:04:23+00:00","og_image":[{"url":"https:\/\/www.catedraemalcsa.com\/wp-content\/uploads\/2022\/10\/LOGOTIPO-EMALCSA.png","type":"","width":"","height":""}],"twitter_card":"summary_large_image","twitter_site":"@CatEmalcsaUdc","schema":{"@context":"https:\/\/schema.org","@graph":[{"@type":"WebPage","@id":"https:\/\/www.catedraemalcsa.com\/gl\/pagina-de-mantenimiento\/","url":"https:\/\/www.catedraemalcsa.com\/gl\/pagina-de-mantenimiento\/","name":"P\u00e1gina de mantenimiento - C\u00e1tedra Emalcsa - UDC","isPartOf":{"@id":"https:\/\/www.catedraemalcsa.com\/gl\/#website"},"primaryImageOfPage":{"@id":"https:\/\/www.catedraemalcsa.com\/gl\/pagina-de-mantenimiento\/#primaryimage"},"image":{"@id":"https:\/\/www.catedraemalcsa.com\/gl\/pagina-de-mantenimiento\/#primaryimage"},"thumbnailUrl":"https:\/\/www.catedraemalcsa.com\/wp-content\/uploads\/2022\/10\/LOGOTIPO-EMALCSA.png","datePublished":"2023-03-15T15:23:57+00:00","dateModified":"2023-03-15T19:04:23+00:00","breadcrumb":{"@id":"https:\/\/www.catedraemalcsa.com\/gl\/pagina-de-mantenimiento\/#breadcrumb"},"inLanguage":"gl-ES","potentialAction":[{"@type":"ReadAction","target":["https:\/\/www.catedraemalcsa.com\/gl\/pagina-de-mantenimiento\/"]}]},{"@type":"ImageObject","inLanguage":"gl-ES","@id":"https:\/\/www.catedraemalcsa.com\/gl\/pagina-de-mantenimiento\/#primaryimage","url":"https:\/\/www.catedraemalcsa.com\/wp-content\/uploads\/2022\/10\/LOGOTIPO-EMALCSA.png","contentUrl":"https:\/\/www.catedraemalcsa.com\/wp-content\/uploads\/2022\/10\/LOGOTIPO-EMALCSA.png"},{"@type":"BreadcrumbList","@id":"https:\/\/www.catedraemalcsa.com\/gl\/pagina-de-mantenimiento\/#breadcrumb","itemListElement":[{"@type":"ListItem","position":1,"name":"Portada","item":"https:\/\/www.catedraemalcsa.com\/gl\/"},{"@type":"ListItem","position":2,"name":"P\u00e1gina de mantenimiento"}]},{"@type":"WebSite","@id":"https:\/\/www.catedraemalcsa.com\/gl\/#website","url":"https:\/\/www.catedraemalcsa.com\/gl\/","name":"C\u00e1tedra Emalcsa - UDC","description":"P\u00e1gina web de la C\u00e1tedra Emalcsa - UDC en la que se tratan aspectos relacionados con la gesti\u00f3n integrada del recurso del agua.","publisher":{"@id":"https:\/\/www.catedraemalcsa.com\/gl\/#organization"},"potentialAction":[{"@type":"SearchAction","target":{"@type":"EntryPoint","urlTemplate":"https:\/\/www.catedraemalcsa.com\/gl\/?s={search_term_string}"},"query-input":{"@type":"PropertyValueSpecification","valueRequired":true,"valueName":"search_term_string"}}],"inLanguage":"gl-ES"},{"@type":"Organization","@id":"https:\/\/www.catedraemalcsa.com\/gl\/#organization","name":"C\u00e1tedra Emalcsa - UDC","url":"https:\/\/www.catedraemalcsa.com\/gl\/","logo":{"@type":"ImageObject","inLanguage":"gl-ES","@id":"https:\/\/www.catedraemalcsa.com\/gl\/#\/schema\/logo\/image\/","url":"https:\/\/www.catedraemalcsa.com\/wp-content\/uploads\/2022\/10\/LOGOTIPO-EMALCSA.png","contentUrl":"https:\/\/www.catedraemalcsa.com\/wp-content\/uploads\/2022\/10\/LOGOTIPO-EMALCSA.png","width":600,"height":180,"caption":"C\u00e1tedra Emalcsa - UDC"},"image":{"@id":"https:\/\/www.catedraemalcsa.com\/gl\/#\/schema\/logo\/image\/"},"sameAs":["https:\/\/www.facebook.com\/Ctedra-Emalcsa-Udc-426980904504313\/","https:\/\/x.com\/CatEmalcsaUdc","http:\/\/www.linkedin.com\/in\/catedra-emalcsa-udc"]}]}},"_links":{"self":[{"href":"https:\/\/www.catedraemalcsa.com\/gl\/wp-json\/wp\/v2\/pages\/23498","targetHints":{"allow":["GET"]}}],"collection":[{"href":"https:\/\/www.catedraemalcsa.com\/gl\/wp-json\/wp\/v2\/pages"}],"about":[{"href":"https:\/\/www.catedraemalcsa.com\/gl\/wp-json\/wp\/v2\/types\/page"}],"author":[{"embeddable":true,"href":"https:\/\/www.catedraemalcsa.com\/gl\/wp-json\/wp\/v2\/users\/1"}],"replies":[{"embeddable":true,"href":"https:\/\/www.catedraemalcsa.com\/gl\/wp-json\/wp\/v2\/comments?post=23498"}],"version-history":[{"count":0,"href":"https:\/\/www.catedraemalcsa.com\/gl\/wp-json\/wp\/v2\/pages\/23498\/revisions"}],"wp:attachment":[{"href":"https:\/\/www.catedraemalcsa.com\/gl\/wp-json\/wp\/v2\/media?parent=23498"}],"curies":[{"name":"wp","href":"https:\/\/api.w.org\/{rel}","templated":true}]}}