{"id":23310,"date":"2023-03-14T13:17:53","date_gmt":"2023-03-14T13:17:53","guid":{"rendered":"https:\/\/www.catedraemalcsa.com\/?page_id=23310"},"modified":"2023-03-20T19:00:37","modified_gmt":"2023-03-20T19:00:37","slug":"aviso-legal","status":"publish","type":"page","link":"https:\/\/www.catedraemalcsa.com\/gl\/aviso-legal\/","title":{"rendered":"Aviso legal"},"content":{"rendered":"\t\t<div data-elementor-type=\"wp-page\" data-elementor-id=\"23310\" class=\"elementor elementor-23310 elementor-23309\">\n\t\t\t\t\t\t<section class=\"elementor-section elementor-top-section elementor-element elementor-element-c51e534 elementor-section-boxed elementor-section-height-default elementor-section-height-default sc_fly_static\" data-id=\"c51e534\" data-element_type=\"section\" data-e-type=\"section\">\n\t\t\t\t\t\t<div class=\"elementor-container elementor-column-gap-extended\">\n\t\t\t\t\t<div class=\"elementor-column elementor-col-100 elementor-top-column elementor-element elementor-element-e9758ab sc_inner_width_none sc_content_align_inherit sc_layouts_column_icons_position_left sc_fly_static\" data-id=\"e9758ab\" data-element_type=\"column\" data-e-type=\"column\">\n\t\t\t<div class=\"elementor-widget-wrap elementor-element-populated\">\n\t\t\t\t\t\t<div class=\"elementor-element elementor-element-707f140 sc_fly_static elementor-widget elementor-widget-text-editor\" data-id=\"707f140\" data-element_type=\"widget\" data-e-type=\"widget\" data-widget_type=\"text-editor.default\">\n\t\t\t\t<div class=\"elementor-widget-container\">\n\t\t\t\t\t\t\t\t\t<h2>1.- Datos Rexistrais<\/h2><p>O presente Aviso Legal regula o uso dos servizos de Internet\u00a0<a href=\"https:\/\/www.catedraemalcsa.com\/gl\/\">https:\/\/www.catedraemalcsa.com<\/a>\u00a0(en diante, o\u00a0&#8220;Sitio\u00a0Web&#8221;)\u00a0<strong>as\u00ed como calquera conta ou perfil en redes sociais existentes ou futuras<\/strong>\u00a0(en diante, &#8220;Redes Sociais&#8221;), que a\u00a0<strong>Fundaci\u00f3n da Universidade da Coru\u00f1a (en diante FUAC<\/strong>), con domicilio para efectos, en Paseo de Ronda, 47. 15011 A Coru\u00f1a; inscrita no\u00a0Rexistro Fundacional -Entidades sen \u00e1nimo de lucro-Rexistro Auxiliar de Fundaci\u00f3ns n\u00ba 183 e\u00a0con CIF G-15597289, pon ou puidese chegar a po\u00f1er a disposici\u00f3n dos usuarios de Internet.<\/p><h2>2.- Obxecto<\/h2><p>A trav\u00e9s do\u00a0Sitios Web e a s\u00faa presenza en Redes Sociais, a\u00a0<strong>FUAC<\/strong>\u00a0facilita aos usuarios o acceso e a utilizaci\u00f3n de diversos servizos e contidos postos \u00e1 s\u00faa disposici\u00f3n por \u00e9sta\u00a0ou por terceiros.<\/p><h2>3.- Condici\u00f3ns de uso e aceptaci\u00f3n<\/h2><p>O acceso e\/ou utilizaci\u00f3n do\u00a0presente\u00a0Sitio\u00a0Web e dos perf\u00eds ou contas de\u00a0<strong>FUAC<\/strong>\u00a0en Redes Sociais, atrib\u00fae a condici\u00f3n de usuario, e implica por parte destes, a plena aceptaci\u00f3n das presentes condici\u00f3ns de uso, as\u00ed como aqueles particulares que se establezan para determinados servizos que complementar\u00e1n a estas, compromet\u00e9ndose a utilizar estes, de conformidade coa lei, o presente Aviso Legal, as condici\u00f3ns particulares de certos servizos e demais avisos, regulamentos e instruci\u00f3ns postos no seu co\u00f1ecemento, as\u00ed como a moral e os bos costumes xeralmente aceptadas e a orde p\u00fablica.<\/p><p>A p\u00e1xina <a href=\"https:\/\/www.catedraemalcsa.com\/gl\/\">www.catedraemalcsa.com<\/a> e os perf\u00eds\/contas de <strong>FUAC<\/strong>\u00a0nas Redes Sociais poden ser visitadas libremente polos usuarios, exclu\u00edndo aquelas partes en que se encontraren &#8220;\u00e1reas de acceso privado&#8221; e\/ou servizos, as\u00ed como en determinadas Redes Sociais, que esixiren a inscrici\u00f3n nun rexistro de usuarios, que implicaren a cumprimentaci\u00f3n do correspondente proceso, que se efectuar\u00e1 na forma expresamente indicada no propio servizo, Rede Social, ou nas Condici\u00f3ns Particulares que os regulen.<\/p><p>Toda a informaci\u00f3n que facilite o usuario en calquera caso,\u00a0<u>deber\u00e1 ser veraz<\/u>. A estes efectos o usuario\u00a0<u>garante<\/u>\u00a0a autenticidade de todos aqueles datos que comunique como consecuencia da utilizaci\u00f3n dos Sitios Web e\/ou dos perf\u00eds\/contas de\u00a0<strong>FUAC<\/strong>\u00a0nas Redes Sociais. De igual forma, ser\u00e1 responsabilidade do usuario manter toda a informaci\u00f3n facilitada a<strong>\u00a0FUAC<\/strong>,\u00a0<u>permanentemente actualizada<\/u>\u00a0de forma que responda, en cada momento \u00e1 situaci\u00f3n real do usuario, non sendo responsable\u00a0<strong>FUAC<\/strong>\u00a0dos prexu\u00edzos que se poidan causar a terceiros pola informaci\u00f3n que facilite.<\/p><p>Para tal efecto, o usuario absterase de utilizar calquera dos servizos e\/ou perf\u00eds ou contas, con fins ou efectos il\u00edcitos, prohibidos no presente Aviso Legal lesivos dos dereitos e intereses, de terceiros que de calquera forma poidan danar, inutilizar, sobrecargar, deteriorar ou impedir a normal utilizaci\u00f3n dos servizos e\/ou perf\u00eds\/contas, os equipos inform\u00e1ticos ou os documentos, arquivos e toda clase de contidos almacenados en calquera equipo inform\u00e1tico (&#8220;hacking&#8221;) de\u00a0<strong>FUAC<\/strong>, doutros usuarios ou de calquera usuario de Internet (hardware e software).<\/p><p>En particular, e a t\u00edtulo meramente orientativo, non exhaustivo, o usuario comprom\u00e9tese a non transmitir, difundir ou po\u00f1er a disposici\u00f3n de terceiros informaci\u00f3ns, datos, contidos, mensaxes, gr\u00e1ficos, debuxos, arquivos de son e\/ou imaxe, fotograf\u00edas, gravaci\u00f3ns, software e, en xeral, calquera clase de material que:<\/p><ul><li>de calquera forma sexa contrario, menosprece ou atente contra os dereitos fundamentais e as liberdades p\u00fablicas reco\u00f1ecidas constitucionalmente, nos Tratados Internacionais e no resto da lexislaci\u00f3n, especiais toda aquela relaciona co tratamento de datos persoais;<\/li><li>induza, incite ou promova actuaci\u00f3ns delituosas, denigratorias, difamatorias, infamantes, violentas, ou en xeral, contrarias \u00e1 lei, \u00e1 moral, e bos costumes xeralmente aceptados ou \u00e1 orde p\u00fablica;<\/li><li>induza, incite ou promova actuaci\u00f3ns, actitudes ou pensamentos discriminatorios por raz\u00f3n de sexo, raza, relixi\u00f3n, crenzas, idade ou condici\u00f3n;<\/li><li>incorpore, po\u00f1a a disposici\u00f3n ou permita acceder a produtos, elementos, mensaxes e\/ou servizos delituosos, violentos, ofensivos, nocivos, degradantes ou, en xeral, contrarios \u00e1 lei, \u00e1 moral e aos bos costumes xeralmente aceptados ou \u00e1 orde p\u00fablica;<\/li><li>induza ou poida inducir a un estado inaceptable de ansiedade ou temor;<\/li><li>induza ou incite a involucrarse en pr\u00e1cticas perigosas, de risco ou nocivas para a sa\u00fade e o equilibrio ps\u00edquico;<\/li><li>sexa falso, ambiguo, inexacto, esaxerado ou extempor\u00e1neo, de forma que induza ou poida inducir a erro sobre o seu obxecto ou sobre as intenci\u00f3ns ou prop\u00f3sitos do comunicante;<\/li><li>enc\u00f3ntrese protexido por calquera dereitos de propiedade intelectual ou industrial pertencentes a terceiros, sen que o usuario obtivese previamente dos seus titulares a autorizaci\u00f3n necesaria para levar a cabo o uso que efect\u00faa ou pretende efectuar;<\/li><li>viole os segredos empresariais de terceiros;<\/li><li>sexa contrario ao dereito \u00e1 honra, \u00e1 intimidade persoal e familiar ou \u00e1 propia imaxe das persoas;<\/li><li>de calquera xeito menoscabe o cr\u00e9dito de\u00a0<strong>FUAC<\/strong>\u00a0ou de terceiros;<\/li><li>infrinxa a normativa sobre segredo das comunicaci\u00f3ns;<\/li><li>constit\u00faa, se \u00e9 o caso, publicidade il\u00edcita, enganosa ou desleal e, en xeral, que constit\u00faa competencia desleal;<\/li><li>incorpore virus ou outros elementos f\u00edsicos ou electr\u00f3nicos que poidan danar ou impedir o normal funcionamento da rede, do sistema ou de equipos inform\u00e1ticos (hardware e software) de\u00a0<strong>FUAC<\/strong>\u00a0ou terceiros, ou que poidan danar os documentos electr\u00f3nicos e arquivos almacenados nos devanditos equipos inform\u00e1ticos;<\/li><li>provoque polas s\u00faas caracter\u00edsticas (tales como formato, extensi\u00f3n, etc.) dificultades no normal funcionamento do Servizo;<\/li><li>conte\u00f1a etiquetas HTML diferentes daquelas expresamente autorizadas por\u00a0<strong>FUAC<\/strong>.<\/li><\/ul><p>O usuario comprom\u00e9tese a utilizar correctamente os contidos postos \u00e1 s\u00faa disposici\u00f3n nos Sitios Web e\/ou na contas\/perf\u00eds de\u00a0<strong>FUAC<\/strong>\u00a0nas Redes Sociais, entendendo por estes, sen que esta enumeraci\u00f3n te\u00f1a car\u00e1cter limitativo, os textos, fotograf\u00edas, gr\u00e1ficos, imaxes, iconas, tecnolox\u00eda, software, links e demais contidos audiovisuais ou sonoros, as\u00ed como o seu dese\u00f1o gr\u00e1fico e c\u00f3digos fonte, de conformidade coa lei, o presente aviso legal, as condici\u00f3ns particulares de certos servizos e demais avisos, regulamentos, uso e instruci\u00f3ns posto no seu co\u00f1ecemento, as\u00ed como coa moral e as boas costumes xeralmente aceptadas e a orde p\u00fablica, e en particular comprom\u00e9tese a absterse de:<\/p><ul><li>reproducir, copiar, distribu\u00edr, po\u00f1er a disposici\u00f3n ou de calquera outra forma comunicar publicamente, transformar ou modificar os contidos, a menos que se conte coa autorizaci\u00f3n do titular dos correspondentes dereitos ou el resulte legalmente permitido;<\/li><li>suprimir, manipular, ou de calquera outra forma alterar o &#8220;copyright&#8221; e demais datos identificativos da reserva de dereitos de\u00a0<strong>FUAC<\/strong>\u00a0ou dos seus titulares, das pegadas dixitais ou de calquera outros medios t\u00e9cnicos establecidos para o seu reco\u00f1ecemento;<\/li><li>obter, e mesmo intentar obter os contidos empregando para iso medios ou procedementos distintos dos que, segundo os casos, se puxesen \u00e1 s\u00faa disposici\u00f3n para este efecto, ou se indicasen a este sentido, nas p\u00e1xinas Web onde se encontren os contidos ou, en xeral, dos que se empreguen habitualmente en Internet.<\/li><\/ul><h2>4.- Introduci\u00f3n de hiperenlaces<\/h2><p>Os usuarios, e todas aquelas persoas que te\u00f1an intenci\u00f3n de establecer un hiperenlance entre a s\u00faa p\u00e1xina Web ou portal e este Sitio Web <strong>ou naquelas contas\/perf\u00eds daquelas Redes Sociais que o posibiliten<\/strong>, deber\u00e1n cumprir as seguintes condici\u00f3ns:<\/p><ul><li>O hiperenlace unicamente permitir\u00e1 o acceso ao home &#8211; page ou p\u00e1xina de inicio dos Sitios Web, pero non poder\u00e1 reproducilas de ningunha forma;<\/li><li>Non se crear\u00e1 un frame sobre as p\u00e1xinas Web dos Sitios Web.<\/li><li>Non se realizar\u00e1n manifestaci\u00f3ns ou indicaci\u00f3ns falsas, inexactas ou incorrectas sobre as p\u00e1xinas Web dos Sitios Web, os Servizos subministrados e\/ou as contas ou perf\u00eds de\u00a0<strong>FUAC<\/strong>\u00a0nas Redes Sociais.<\/li><li>Non se dar\u00e1 a entender por ning\u00fan modo que\u00a0<strong>FUAC<\/strong>. autorizou o hiperenlace, ou que asumiu dalg\u00fan xeito os servizos ofrecidos ou puxo a disposici\u00f3n dende a p\u00e1xina Web e\/ou conta\/perfil da Rede Social na que se establece o hiperenlace.<\/li><li>A excepci\u00f3n feita daqueles signos que formen parte do mesmo hiperenlace, a p\u00e1xina e\/ou o perfil\/conta da rede social na que se estableza o hiperenlace non conter\u00e1 ning\u00fan signo distintivo, dos reco\u00f1ecidos pola Lexislaci\u00f3n vixente, dos que sexa titular\u00a0<strong>FUAC<\/strong>, salvo que fose expresamente autorizado por esta.<\/li><li>A p\u00e1xina Web e\/ou conta da Rede Social na que se estableza o hiperenlace non conter\u00e1 contidos contrarios a calquera dereitos de terceiros, nin conter\u00e1 informaci\u00f3ns ou contidos il\u00edcitos, contrarios \u00e1 moral ou aos bos costumes xeralmente aceptados e \u00e1 orde p\u00fablica.<\/li><\/ul><h2>5.- Propiedade Industrial e Intelectual<\/h2><p>A totalidade destes Sitios Web, as\u00ed como das contas\/perf\u00eds de\u00a0<strong>FUAC<\/strong>\u00a0en Redes Sociais: texto, imaxes, marcas comerciais, logotipos, arquivos de audio e video, bot\u00f3ns, arquivos de software, combinaci\u00f3ns de cores, as\u00ed como a estrutura, selecci\u00f3n, ordenaci\u00f3n e presentaci\u00f3n dos seus contidos son propiedade de\u00a0<strong>FUAC<\/strong>\u00a0ou de terceiros, e enc\u00f3ntranse protexidos polas leis espa\u00f1olas e internacionais sobre propiedade Industrial e Intelectual. As\u00ed mesmo, e sen prexu\u00edzo do anteriormente citado, o contido dos Sitios Web ten a consideraci\u00f3n de programa de ordenador e \u00e9lle de aplicaci\u00f3n toda a normativa espa\u00f1ola e comunitaria europea vixente na materia.<\/p><p>Polo feito do acceso que o usuario realiza aos Sitios Web e\/ou da conta\/perfil de\u00a0<strong>FUAC<\/strong>\u00a0en determinada rede social, non poden entenderse cedidos a este ning\u00fan dos dereitos de explotaci\u00f3n que existan, ou poidan existir sobre os devanditos usos m\u00e1is al\u00e1 dos estritamente necesarios para o seu correcto uso.<\/p><h2>6.- Limitaci\u00f3n de responsabilidade<\/h2><p><strong>FUAC<\/strong>. excl\u00fae, con toda a extensi\u00f3n que permite o ordenamento xur\u00eddico, calquera responsabilidade polos danos e prexu\u00edzos de toda natureza que poidan deberse a:<\/p><ul><li>Presenza de virus, ou a presenza doutros elementos nos contidos que poidan producir alteraci\u00f3ns no sistema inform\u00e1tico, documentos electr\u00f3nicos ou ficheiros dos usuarios.<\/li><li>A transmisi\u00f3n, difusi\u00f3n, almacenamento, posta a disposici\u00f3n, recepci\u00f3n, obtenci\u00f3n ou acceso aos contidos.<\/li><li>Falta de dispo\u00f1ibilidade ou de continuidade do funcionamento dos Sitios Web, os seus servizos e\/ou contas\/perf\u00eds en redes sociais, \u00e1 defraudaci\u00f3n da utilidade que os usuarios tiveren podido atribu\u00edr aos Sitios Web e\/ou ao perfil\/conta nunha determinada rede social, \u00e1 falibilidade dos Sitios Web, os seus servizos e\/ou perf\u00eds\/contas de redes sociais, e en particular, a\u00ednda que non de modo exclusivo, aos fallos no acceso \u00e1s distintas p\u00e1xinas Web de Sitios, os seus servizos e\/ou perf\u00eds\/contas de\u00a0<strong>FUAC<\/strong>\u00a0en redes sociais.<\/li><li>O correcto funcionamento dos dispositivos t\u00e9cnicos de enlace (tales como, entre outros, banners e bot\u00f3ns), directorios e ferramentas de busca que permitan aos usuarios acceder a Sitios Web e\/ou perf\u00eds\/contas de redes sociais pertencentes e \/ ou xestionados por terceiros. A instalaci\u00f3n destes dispositivos t\u00e9cnicos ten por \u00fanico obxecto facilitar aos usuarios, a busca e acceso \u00e1 informaci\u00f3n, contidos e servizos dispo\u00f1ibles en Internet. &#8211; A calidade, licitude, fiabilidade e utilidade da informaci\u00f3n, contidos e servizos existentes nos Sitios enlazados.<\/li><li>A utilizaci\u00f3n dos servizos e dos contidos por parte dos usuarios, ou que poidan deberse \u00e1 falta de veracidade, vixencia, exhaustividade e\/ou autenticidade da informaci\u00f3n que os usuarios proporcionan a outros usuarios.<\/li><li>Os contidos que os usuarios dos foros de debate, listas de distribuci\u00f3n e\/ou perf\u00eds\/contas de\u00a0<strong>FUAC<\/strong>\u00a0en redes sociais poidan introducir, ou das opini\u00f3ns vertidas nestes, sendo\u00a0<strong>\u00fanica e exclusivamente, estes, os responsables das devanditas acci\u00f3ns<\/strong>. De acordo ao anterior,<strong>\u00a0FUAC<\/strong>\u00a0res\u00e9rvase a facultade de retiralos temporal ou definitivamente, as\u00ed como nos casos que ao seu xu\u00edzo as\u00ed o requiran, establecer os mecanimos necesarios para non volver permitir o acceso ao servizo e\/ou perfil\/conta<strong>\u00a0FUAC<\/strong>.<\/li><\/ul><h2>7.- Pol\u00edtica de privacidade<\/h2><p>Os usos e regras que\u00a0<strong>FUAC<\/strong>\u00a0segue en cumprimento da Lei Org\u00e1nica 15\/99 de 13 de Decembro, Lei de Protecci\u00f3n de Datos de Car\u00e1cter Persoal, e a s\u00faa normativa de desenvolvemento son os que se expo\u00f1en no apartado de privacidade &#8220;Pol\u00edtica de Privacidade &#8221; da presente p\u00e1xina Web.<\/p><h2><span style=\"letter-spacing: -0.3px;\">8.- Notificaci\u00f3ns<\/span><\/h2><p>Todas as notificaci\u00f3ns realizadas por un usuario ou terceiro a\u00a0<strong>FUAC<\/strong>, consideraranse eficaces sempre que se dirixan, mediante env\u00edo por\u00a0<strong>correo postal certificado<\/strong>\u00a0\u00e1 direcci\u00f3n: Paseo de Ronda, 47-2\u00ba; 15011 A Coru\u00f1a.<\/p><p>Se a comunicaci\u00f3n se refire \u00e1 realizaci\u00f3n de actividades il\u00edcitas ou \u00e1 infracci\u00f3n de dereitos de propiedade industrial ou intelectual debe achegar documentaci\u00f3n que acredite os feitos, as\u00ed como declaraci\u00f3n expresa da veracidade desta.<\/p><h2>9.- Duraci\u00f3n e suspensi\u00f3n dos servizos<\/h2><p><strong>FUAC<\/strong>, res\u00e9rvase a facultade de suspender os servizos cando o estime pertinente, e en particular a aqueles usuarios que infrinxan o establecido no presente Aviso Legal.<\/p><h2>10.- Lexislaci\u00f3n aplicable e xurisdici\u00f3n<\/h2><p>O presente aviso legal e todas as relaci\u00f3ns que se establezan entre\u00a0<strong>FUAC<\/strong>\u00a0e o usuario rexeranse polo establecido na lexislaci\u00f3n espa\u00f1ola.\u00a0<strong>FUAC<\/strong>\u00a0e o usuario acordan someterse exclusivamente \u00e1 xurisdici\u00f3n dos Xulgados da Coru\u00f1a para a resoluci\u00f3n de calquera disputa que xurda entre ambos os dous.<\/p>\t\t\t\t\t\t\t\t<\/div>\n\t\t\t\t<\/div>\n\t\t\t\t\t<\/div>\n\t\t<\/div>\n\t\t\t\t\t<\/div>\n\t\t<\/section>\n\t\t\t\t<\/div>\n\t\t","protected":false},"excerpt":{"rendered":"<p>1.- Datos Rexistrais O presente Aviso Legal regula o uso dos servizos de Internet\u00a0https:\/\/www.catedraemalcsa.com\u00a0(en diante,&hellip;<\/p>\n","protected":false},"author":1,"featured_media":0,"parent":0,"menu_order":0,"comment_status":"closed","ping_status":"closed","template":"","meta":{"inline_featured_image":false,"_themeisle_gutenberg_block_has_review":false,"footnotes":""},"class_list":["post-23310","page","type-page","status-publish","hentry"],"yoast_head":"<!-- This site is optimized with the Yoast SEO plugin v26.9 - https:\/\/yoast.com\/product\/yoast-seo-wordpress\/ -->\n<title>Aviso legal - C\u00e1tedra Emalcsa - UDC<\/title>\n<meta name=\"robots\" content=\"index, follow, max-snippet:-1, max-image-preview:large, max-video-preview:-1\" \/>\n<link rel=\"canonical\" href=\"https:\/\/www.catedraemalcsa.com\/gl\/aviso-legal\/\" \/>\n<meta property=\"og:locale\" content=\"gl_ES\" \/>\n<meta property=\"og:type\" content=\"article\" \/>\n<meta property=\"og:title\" content=\"Aviso legal - C\u00e1tedra Emalcsa - UDC\" \/>\n<meta property=\"og:description\" content=\"1.- Datos Rexistrais O presente Aviso Legal regula o uso dos servizos de Internet\u00a0https:\/\/www.catedraemalcsa.com\u00a0(en diante,&hellip;\" \/>\n<meta property=\"og:url\" content=\"https:\/\/www.catedraemalcsa.com\/gl\/aviso-legal\/\" \/>\n<meta property=\"og:site_name\" content=\"C\u00e1tedra Emalcsa - UDC\" \/>\n<meta property=\"article:publisher\" content=\"https:\/\/www.facebook.com\/Ctedra-Emalcsa-Udc-426980904504313\/\" \/>\n<meta property=\"article:modified_time\" content=\"2023-03-20T19:00:37+00:00\" \/>\n<meta name=\"twitter:card\" content=\"summary_large_image\" \/>\n<meta name=\"twitter:site\" content=\"@CatEmalcsaUdc\" \/>\n<meta name=\"twitter:label1\" content=\"Tempo de lectura\" \/>\n\t<meta name=\"twitter:data1\" content=\"11 minutos\" \/>\n<script type=\"application\/ld+json\" class=\"yoast-schema-graph\">{\"@context\":\"https:\/\/schema.org\",\"@graph\":[{\"@type\":\"WebPage\",\"@id\":\"https:\/\/www.catedraemalcsa.com\/gl\/aviso-legal\/\",\"url\":\"https:\/\/www.catedraemalcsa.com\/gl\/aviso-legal\/\",\"name\":\"Aviso legal - C\u00e1tedra Emalcsa - UDC\",\"isPartOf\":{\"@id\":\"https:\/\/www.catedraemalcsa.com\/gl\/#website\"},\"datePublished\":\"2023-03-14T13:17:53+00:00\",\"dateModified\":\"2023-03-20T19:00:37+00:00\",\"breadcrumb\":{\"@id\":\"https:\/\/www.catedraemalcsa.com\/gl\/aviso-legal\/#breadcrumb\"},\"inLanguage\":\"gl-ES\",\"potentialAction\":[{\"@type\":\"ReadAction\",\"target\":[\"https:\/\/www.catedraemalcsa.com\/gl\/aviso-legal\/\"]}]},{\"@type\":\"BreadcrumbList\",\"@id\":\"https:\/\/www.catedraemalcsa.com\/gl\/aviso-legal\/#breadcrumb\",\"itemListElement\":[{\"@type\":\"ListItem\",\"position\":1,\"name\":\"Portada\",\"item\":\"https:\/\/www.catedraemalcsa.com\/gl\/\"},{\"@type\":\"ListItem\",\"position\":2,\"name\":\"Aviso legal\"}]},{\"@type\":\"WebSite\",\"@id\":\"https:\/\/www.catedraemalcsa.com\/gl\/#website\",\"url\":\"https:\/\/www.catedraemalcsa.com\/gl\/\",\"name\":\"C\u00e1tedra Emalcsa - UDC\",\"description\":\"P\u00e1gina web de la C\u00e1tedra Emalcsa - UDC en la que se tratan aspectos relacionados con la gesti\u00f3n integrada del recurso del agua.\",\"publisher\":{\"@id\":\"https:\/\/www.catedraemalcsa.com\/gl\/#organization\"},\"potentialAction\":[{\"@type\":\"SearchAction\",\"target\":{\"@type\":\"EntryPoint\",\"urlTemplate\":\"https:\/\/www.catedraemalcsa.com\/gl\/?s={search_term_string}\"},\"query-input\":{\"@type\":\"PropertyValueSpecification\",\"valueRequired\":true,\"valueName\":\"search_term_string\"}}],\"inLanguage\":\"gl-ES\"},{\"@type\":\"Organization\",\"@id\":\"https:\/\/www.catedraemalcsa.com\/gl\/#organization\",\"name\":\"C\u00e1tedra Emalcsa - UDC\",\"url\":\"https:\/\/www.catedraemalcsa.com\/gl\/\",\"logo\":{\"@type\":\"ImageObject\",\"inLanguage\":\"gl-ES\",\"@id\":\"https:\/\/www.catedraemalcsa.com\/gl\/#\/schema\/logo\/image\/\",\"url\":\"https:\/\/www.catedraemalcsa.com\/wp-content\/uploads\/2022\/10\/LOGOTIPO-EMALCSA.png\",\"contentUrl\":\"https:\/\/www.catedraemalcsa.com\/wp-content\/uploads\/2022\/10\/LOGOTIPO-EMALCSA.png\",\"width\":600,\"height\":180,\"caption\":\"C\u00e1tedra Emalcsa - UDC\"},\"image\":{\"@id\":\"https:\/\/www.catedraemalcsa.com\/gl\/#\/schema\/logo\/image\/\"},\"sameAs\":[\"https:\/\/www.facebook.com\/Ctedra-Emalcsa-Udc-426980904504313\/\",\"https:\/\/x.com\/CatEmalcsaUdc\",\"http:\/\/www.linkedin.com\/in\/catedra-emalcsa-udc\"]}]}<\/script>\n<!-- \/ Yoast SEO plugin. -->","yoast_head_json":{"title":"Aviso legal - C\u00e1tedra Emalcsa - UDC","robots":{"index":"index","follow":"follow","max-snippet":"max-snippet:-1","max-image-preview":"max-image-preview:large","max-video-preview":"max-video-preview:-1"},"canonical":"https:\/\/www.catedraemalcsa.com\/gl\/aviso-legal\/","og_locale":"gl_ES","og_type":"article","og_title":"Aviso legal - C\u00e1tedra Emalcsa - UDC","og_description":"1.- Datos Rexistrais O presente Aviso Legal regula o uso dos servizos de Internet\u00a0https:\/\/www.catedraemalcsa.com\u00a0(en diante,&hellip;","og_url":"https:\/\/www.catedraemalcsa.com\/gl\/aviso-legal\/","og_site_name":"C\u00e1tedra Emalcsa - UDC","article_publisher":"https:\/\/www.facebook.com\/Ctedra-Emalcsa-Udc-426980904504313\/","article_modified_time":"2023-03-20T19:00:37+00:00","twitter_card":"summary_large_image","twitter_site":"@CatEmalcsaUdc","twitter_misc":{"Tempo de lectura":"11 minutos"},"schema":{"@context":"https:\/\/schema.org","@graph":[{"@type":"WebPage","@id":"https:\/\/www.catedraemalcsa.com\/gl\/aviso-legal\/","url":"https:\/\/www.catedraemalcsa.com\/gl\/aviso-legal\/","name":"Aviso legal - C\u00e1tedra Emalcsa - UDC","isPartOf":{"@id":"https:\/\/www.catedraemalcsa.com\/gl\/#website"},"datePublished":"2023-03-14T13:17:53+00:00","dateModified":"2023-03-20T19:00:37+00:00","breadcrumb":{"@id":"https:\/\/www.catedraemalcsa.com\/gl\/aviso-legal\/#breadcrumb"},"inLanguage":"gl-ES","potentialAction":[{"@type":"ReadAction","target":["https:\/\/www.catedraemalcsa.com\/gl\/aviso-legal\/"]}]},{"@type":"BreadcrumbList","@id":"https:\/\/www.catedraemalcsa.com\/gl\/aviso-legal\/#breadcrumb","itemListElement":[{"@type":"ListItem","position":1,"name":"Portada","item":"https:\/\/www.catedraemalcsa.com\/gl\/"},{"@type":"ListItem","position":2,"name":"Aviso legal"}]},{"@type":"WebSite","@id":"https:\/\/www.catedraemalcsa.com\/gl\/#website","url":"https:\/\/www.catedraemalcsa.com\/gl\/","name":"C\u00e1tedra Emalcsa - UDC","description":"P\u00e1gina web de la C\u00e1tedra Emalcsa - UDC en la que se tratan aspectos relacionados con la gesti\u00f3n integrada del recurso del agua.","publisher":{"@id":"https:\/\/www.catedraemalcsa.com\/gl\/#organization"},"potentialAction":[{"@type":"SearchAction","target":{"@type":"EntryPoint","urlTemplate":"https:\/\/www.catedraemalcsa.com\/gl\/?s={search_term_string}"},"query-input":{"@type":"PropertyValueSpecification","valueRequired":true,"valueName":"search_term_string"}}],"inLanguage":"gl-ES"},{"@type":"Organization","@id":"https:\/\/www.catedraemalcsa.com\/gl\/#organization","name":"C\u00e1tedra Emalcsa - UDC","url":"https:\/\/www.catedraemalcsa.com\/gl\/","logo":{"@type":"ImageObject","inLanguage":"gl-ES","@id":"https:\/\/www.catedraemalcsa.com\/gl\/#\/schema\/logo\/image\/","url":"https:\/\/www.catedraemalcsa.com\/wp-content\/uploads\/2022\/10\/LOGOTIPO-EMALCSA.png","contentUrl":"https:\/\/www.catedraemalcsa.com\/wp-content\/uploads\/2022\/10\/LOGOTIPO-EMALCSA.png","width":600,"height":180,"caption":"C\u00e1tedra Emalcsa - UDC"},"image":{"@id":"https:\/\/www.catedraemalcsa.com\/gl\/#\/schema\/logo\/image\/"},"sameAs":["https:\/\/www.facebook.com\/Ctedra-Emalcsa-Udc-426980904504313\/","https:\/\/x.com\/CatEmalcsaUdc","http:\/\/www.linkedin.com\/in\/catedra-emalcsa-udc"]}]}},"_links":{"self":[{"href":"https:\/\/www.catedraemalcsa.com\/gl\/wp-json\/wp\/v2\/pages\/23310","targetHints":{"allow":["GET"]}}],"collection":[{"href":"https:\/\/www.catedraemalcsa.com\/gl\/wp-json\/wp\/v2\/pages"}],"about":[{"href":"https:\/\/www.catedraemalcsa.com\/gl\/wp-json\/wp\/v2\/types\/page"}],"author":[{"embeddable":true,"href":"https:\/\/www.catedraemalcsa.com\/gl\/wp-json\/wp\/v2\/users\/1"}],"replies":[{"embeddable":true,"href":"https:\/\/www.catedraemalcsa.com\/gl\/wp-json\/wp\/v2\/comments?post=23310"}],"version-history":[{"count":0,"href":"https:\/\/www.catedraemalcsa.com\/gl\/wp-json\/wp\/v2\/pages\/23310\/revisions"}],"wp:attachment":[{"href":"https:\/\/www.catedraemalcsa.com\/gl\/wp-json\/wp\/v2\/media?parent=23310"}],"curies":[{"name":"wp","href":"https:\/\/api.w.org\/{rel}","templated":true}]}}