{"id":23014,"date":"2022-11-14T11:39:27","date_gmt":"2022-11-14T11:39:27","guid":{"rendered":"https:\/\/www.catedraemalcsa.com\/infraestructuras-de-investigacion\/"},"modified":"2023-03-19T12:53:24","modified_gmt":"2023-03-19T12:53:24","slug":"infraestruturas-de-investigacion","status":"publish","type":"page","link":"https:\/\/www.catedraemalcsa.com\/gl\/infraestruturas-de-investigacion\/","title":{"rendered":"Infraestruturas de investigaci\u00f3n"},"content":{"rendered":"\t\t<div data-elementor-type=\"wp-page\" data-elementor-id=\"23014\" class=\"elementor elementor-23014 elementor-20406\">\n\t\t\t\t\t\t<section class=\"elementor-section elementor-top-section elementor-element elementor-element-4ccf47d scheme_default elementor-section-boxed elementor-section-height-default elementor-section-height-default sc_fly_static\" data-id=\"4ccf47d\" data-element_type=\"section\" data-e-type=\"section\" data-settings=\"{&quot;background_background&quot;:&quot;classic&quot;}\">\n\t\t\t\t\t\t<div class=\"elementor-container elementor-column-gap-extended\">\n\t\t\t\t\t<div class=\"elementor-column elementor-col-100 elementor-top-column elementor-element elementor-element-1ced597 sc_inner_width_none sc_content_align_inherit sc_layouts_column_icons_position_left sc_fly_static\" data-id=\"1ced597\" data-element_type=\"column\" data-e-type=\"column\">\n\t\t\t<div class=\"elementor-widget-wrap elementor-element-populated\">\n\t\t\t\t\t\t<div class=\"elementor-element elementor-element-3856073 sc_fly_static elementor-widget elementor-widget-spacer\" data-id=\"3856073\" data-element_type=\"widget\" data-e-type=\"widget\" data-widget_type=\"spacer.default\">\n\t\t\t\t<div class=\"elementor-widget-container\">\n\t\t\t\t\t\t\t<div class=\"elementor-spacer\">\n\t\t\t<div class=\"elementor-spacer-inner\"><\/div>\n\t\t<\/div>\n\t\t\t\t\t\t<\/div>\n\t\t\t\t<\/div>\n\t\t\t\t<section class=\"elementor-section elementor-inner-section elementor-element elementor-element-34857b9 elementor-section-boxed elementor-section-height-default elementor-section-height-default sc_fly_static\" data-id=\"34857b9\" data-element_type=\"section\" data-e-type=\"section\">\n\t\t\t\t\t\t<div class=\"elementor-container elementor-column-gap-no\">\n\t\t\t\t\t<div class=\"elementor-column elementor-col-50 elementor-inner-column elementor-element elementor-element-52bda6d sc_inner_width_none sc_content_align_inherit sc_layouts_column_icons_position_left sc_fly_static\" data-id=\"52bda6d\" data-element_type=\"column\" data-e-type=\"column\">\n\t\t\t<div class=\"elementor-widget-wrap elementor-element-populated\">\n\t\t\t\t\t\t<div class=\"elementor-element elementor-element-e4c9311 sc_fly_static elementor-widget elementor-widget-trx_sc_title\" data-id=\"e4c9311\" data-element_type=\"widget\" data-e-type=\"widget\" data-widget_type=\"trx_sc_title.default\">\n\t\t\t\t<div class=\"elementor-widget-container\">\n\t\t\t\t\t<div\t\tclass=\"sc_title sc_title_default\" ><span class=\"sc_item_subtitle sc_title_subtitle sc_item_subtitle_above sc_item_title_style_default\">soporte f\u00edsico<\/span><h2 class=\"sc_item_title sc_title_title sc_item_title_style_default trx_addons_inline_1745365203\"\n\t\t\t><span class=\"sc_item_title_text\">Instalaci\u00f3ns cient\u00edficas<\/span><\/h2><div class=\"sc_item_descr sc_title_descr\"><p>Froito do traballo e colaboraci\u00f3ns realizados por EMALCSA e a UDC nos \u00faltimos anos no marco de diferentes proxectos de I+D+i, constru\u00edronse unha serie de instalaci\u00f3ns cient\u00edficas que supo\u00f1en un excelente entorno colaborativo para as iniciativas AquaLab.<\/p>\n<\/div><\/div>\t\t\t\t<\/div>\n\t\t\t\t<\/div>\n\t\t\t\t\t<\/div>\n\t\t<\/div>\n\t\t\t\t<div class=\"elementor-column elementor-col-50 elementor-inner-column elementor-element elementor-element-7608041 sc_inner_width_none sc_content_align_inherit sc_layouts_column_icons_position_left sc_fly_static\" data-id=\"7608041\" data-element_type=\"column\" data-e-type=\"column\">\n\t\t\t<div class=\"elementor-widget-wrap\">\n\t\t\t\t\t\t\t<\/div>\n\t\t<\/div>\n\t\t\t\t\t<\/div>\n\t\t<\/section>\n\t\t\t\t<div class=\"elementor-element elementor-element-6b14c36 sc_height_small sc_fly_static elementor-widget elementor-widget-spacer\" data-id=\"6b14c36\" data-element_type=\"widget\" data-e-type=\"widget\" data-widget_type=\"spacer.default\">\n\t\t\t\t<div class=\"elementor-widget-container\">\n\t\t\t\t\t\t\t<div class=\"elementor-spacer\">\n\t\t\t<div class=\"elementor-spacer-inner\"><\/div>\n\t\t<\/div>\n\t\t\t\t\t\t<\/div>\n\t\t\t\t<\/div>\n\t\t\t\t<div class=\"elementor-element elementor-element-5e6c120 sc_fly_static elementor-widget elementor-widget-trx_sc_services\" data-id=\"5e6c120\" data-element_type=\"widget\" data-e-type=\"widget\" data-widget_type=\"trx_sc_services.default\">\n\t\t\t\t<div class=\"elementor-widget-container\">\n\t\t\t\t\t<div class=\"sc_services sc_services_default sc_services_featured_top\"><div class=\"sc_services_columns_wrap sc_item_columns sc_item_posts_container sc_item_columns_3 trx_addons_columns_wrap columns_padding_bottom\"><div class=\"trx_addons_column-1_3\"><div data-post-id=\"23222\" class=\"sc_services_item sc_item_container post_container no_links with_content with_image sc_services_item_featured_top post-23222 cpt_services type-cpt_services status-publish has-post-thumbnail hentry cpt_services_group-infraestruturas\" data-item-number=\"1\"\r\n>\r\n\t<div class=\"post_featured with_thumb hover_link sc_services_item_thumb\"><img fetchpriority=\"high\" decoding=\"async\" width=\"846\" height=\"664\" src=\"https:\/\/www.catedraemalcsa.com\/wp-content\/uploads\/2023\/03\/rampa-ensayos-en-lamina-libre-846x664.jpg\" class=\"attachment-qwery-thumb-square size-qwery-thumb-square wp-post-image\" alt=\"\" \/>\t\t\t\t\t\t<div class=\"mask\"><\/div>\r\n\t\t\t\t\t\t\t\t\t<a href=\"javascript:void(0)\"  aria-hidden=\"true\" class=\"link\"><\/a>\r\n\t\t\t<\/div>\t\r\n\t<div class=\"sc_services_item_info\">\r\n\t\t\t\t<div class=\"sc_services_item_header\">\r\n\t\t\t\t\t\t<h4 class=\"sc_services_item_title entry-title\">Plataforma de proba de tubos en l\u00e1mina libre<\/h4>\r\n\t\t\t\t\t<\/div>\r\n\t\t                    <div class=\"sc_services_item_content\"><p>Esta infraestrutura foi constru\u00edda durante os traballos do proxecto OVALPIPE en colaboraci\u00f3n co grupo GEAMA da UDC. \u00c9 \u00fanico a nivel europeo, xa que grazas \u00e1 s\u00faa instalaci\u00f3n na EDAR de Bens permite a proba de tubaxes en capa libre con augas residuais reais. Actualmente est\u00e1 adscrito mediante convenio entre a UDC, a empresa EDAR BENS, S.A. e EMALCSA, ao proxecto CoUD_Labs (https:\/\/co-udlabs.eu\/), unha iniciativa liderada polo grupo GEAMA a nivel europeo para compartir instalaci\u00f3ns cient\u00edficas relacionadas coa mellora dos sistemas de drenaxe nas cidades.<\/p>\n<\/div><\/div>\r\n<\/div>\r\n<\/div><div class=\"trx_addons_column-1_3\"><div data-post-id=\"23255\" class=\"sc_services_item sc_item_container post_container no_links with_content with_image sc_services_item_featured_top post-23255 cpt_services type-cpt_services status-publish has-post-thumbnail hentry cpt_services_group-infraestruturas\" data-item-number=\"2\"\r\n>\r\n\t<div class=\"post_featured with_thumb hover_link sc_services_item_thumb\"><img decoding=\"async\" width=\"890\" height=\"664\" src=\"https:\/\/www.catedraemalcsa.com\/wp-content\/uploads\/2022\/11\/Canas-890x664.jpg\" class=\"attachment-qwery-thumb-square size-qwery-thumb-square wp-post-image\" alt=\"\" \/>\t\t\t\t\t\t<div class=\"mask\"><\/div>\r\n\t\t\t\t\t\t\t\t\t<a href=\"javascript:void(0)\"  aria-hidden=\"true\" class=\"link\"><\/a>\r\n\t\t\t<\/div>\t\r\n\t<div class=\"sc_services_item_info\">\r\n\t\t\t\t<div class=\"sc_services_item_header\">\r\n\t\t\t\t\t\t<h4 class=\"sc_services_item_title entry-title\">Sistema de recollida de datos de alta frecuencia en Cecebre e as captaci\u00f3ns de A Telva e Ca\u00f1as (HFSDC)<\/h4>\r\n\t\t\t\t\t<\/div>\r\n\t\t                    <div class=\"sc_services_item_content\"><p>Constru\u00edda e implantada no marco do proxecto CORU\u00d1A SMART CITY, \u00e9 unha das instalaci\u00f3ns m\u00e1is completas e potentes a nivel nacional para estudos limnol\u00f3xicos. A s\u00faa explotaci\u00f3n actual corre a cargo do grupo GEAMA da UDC no marco do traballo do plan AdO.<\/p>\n<\/div><\/div>\r\n<\/div>\r\n<\/div><div class=\"trx_addons_column-1_3\"><div data-post-id=\"23256\" class=\"sc_services_item sc_item_container post_container no_links with_content with_image sc_services_item_featured_top post-23256 cpt_services type-cpt_services status-publish has-post-thumbnail hentry cpt_services_group-infraestruturas\" data-item-number=\"3\"\r\n>\r\n\t<div class=\"post_featured with_thumb hover_link sc_services_item_thumb\"><img decoding=\"async\" width=\"890\" height=\"664\" src=\"https:\/\/www.catedraemalcsa.com\/wp-content\/uploads\/2022\/11\/panel-890x664.jpg\" class=\"attachment-qwery-thumb-square size-qwery-thumb-square wp-post-image\" alt=\"\" \/>\t\t\t\t\t\t<div class=\"mask\"><\/div>\r\n\t\t\t\t\t\t\t\t\t<a href=\"javascript:void(0)\"  aria-hidden=\"true\" class=\"link\"><\/a>\r\n\t\t\t<\/div>\t\r\n\t<div class=\"sc_services_item_info\">\r\n\t\t\t\t<div class=\"sc_services_item_header\">\r\n\t\t\t\t\t\t<h4 class=\"sc_services_item_title entry-title\">Cadro de vixilancia da calidade da auga de distribuci\u00f3n<\/h4>\r\n\t\t\t\t\t<\/div>\r\n\t\t                    <div class=\"sc_services_item_content\"><p>Instalado no CITEEC, \u00e9 unha instalaci\u00f3n que permite un seguimento continuo e de alta frecuencia dos principais par\u00e1metros de calidade da auga nas redes de distribuci\u00f3n. Neste caso, de xeito real, a auga da Coru\u00f1a. Actualmente est\u00e1 operado polo grupo GEAMA no marco do plan ECAD.<\/p>\n<\/div><\/div>\r\n<\/div>\r\n<\/div><div class=\"trx_addons_column-1_3\"><div data-post-id=\"23257\" class=\"sc_services_item sc_item_container post_container no_links with_content with_image sc_services_item_featured_top post-23257 cpt_services type-cpt_services status-publish has-post-thumbnail hentry cpt_services_group-infraestruturas\" data-item-number=\"4\"\r\n>\r\n\t<div class=\"post_featured with_thumb hover_link sc_services_item_thumb\"><img loading=\"lazy\" decoding=\"async\" width=\"890\" height=\"664\" src=\"https:\/\/www.catedraemalcsa.com\/wp-content\/uploads\/2023\/03\/simulador-cuencas-890x664.jpeg\" class=\"attachment-qwery-thumb-square size-qwery-thumb-square wp-post-image\" alt=\"\" \/>\t\t\t\t\t\t<div class=\"mask\"><\/div>\r\n\t\t\t\t\t\t\t\t\t<a href=\"javascript:void(0)\"  aria-hidden=\"true\" class=\"link\"><\/a>\r\n\t\t\t<\/div>\t\r\n\t<div class=\"sc_services_item_info\">\r\n\t\t\t\t<div class=\"sc_services_item_header\">\r\n\t\t\t\t\t\t<h4 class=\"sc_services_item_title entry-title\">Simulador de cuncas: CHOIVA BOX<\/h4>\r\n\t\t\t\t\t<\/div>\r\n\t\t                    <div class=\"sc_services_item_content\"><p>Desenvolvido pola C\u00e1tedra, \u00e9 un m\u00f3dulo did\u00e1ctico para a comprensi\u00f3n da sociedade civil dos fen\u00f3menos hidrol\u00f3xicos mediante din\u00e1micas de xogo.<\/p>\n<\/div><\/div>\r\n<\/div>\r\n<\/div><div class=\"trx_addons_column-1_3\"><div data-post-id=\"23258\" class=\"sc_services_item sc_item_container post_container no_links with_content with_image sc_services_item_featured_top post-23258 cpt_services type-cpt_services status-publish has-post-thumbnail hentry cpt_services_group-infraestruturas\" data-item-number=\"5\"\r\n>\r\n\t<div class=\"post_featured with_thumb hover_link sc_services_item_thumb\"><img loading=\"lazy\" decoding=\"async\" width=\"890\" height=\"664\" src=\"https:\/\/www.catedraemalcsa.com\/wp-content\/uploads\/2023\/03\/6_medusa-890x664.jpg\" class=\"attachment-qwery-thumb-square size-qwery-thumb-square wp-post-image\" alt=\"\" \/>\t\t\t\t\t\t<div class=\"mask\"><\/div>\r\n\t\t\t\t\t\t\t\t\t<a href=\"javascript:void(0)\"  aria-hidden=\"true\" class=\"link\"><\/a>\r\n\t\t\t<\/div>\t\r\n\t<div class=\"sc_services_item_info\">\r\n\t\t\t\t<div class=\"sc_services_item_header\">\r\n\t\t\t\t\t\t<h4 class=\"sc_services_item_title entry-title\">Simulador do sistema de auga urbana MEDUSA#4<\/h4>\r\n\t\t\t\t\t<\/div>\r\n\t\t                    <div class=\"sc_services_item_content\"><p>Situado no CITEEC e desenvolvido en colaboraci\u00f3n co Grupo Estrat\u00e9xico CITEEC, no marco do proxecto Brain-IoT, constit\u00fae un entorno excelente para a experimentaci\u00f3n no eido da aplicaci\u00f3n de novas tecnolox\u00edas nos sistemas urbanos de auga.<\/p>\n<\/div><\/div>\r\n<\/div>\r\n<\/div><\/div><\/div>\t\t\t\t<\/div>\n\t\t\t\t<\/div>\n\t\t\t\t<div class=\"elementor-element elementor-element-1ea0761 sc_layouts_hide_on_notebook sc_layouts_hide_on_tablet sc_layouts_hide_on_mobile sc_fly_static elementor-widget elementor-widget-spacer\" data-id=\"1ea0761\" data-element_type=\"widget\" data-e-type=\"widget\" data-widget_type=\"spacer.default\">\n\t\t\t\t<div class=\"elementor-widget-container\">\n\t\t\t\t\t\t\t<div class=\"elementor-spacer\">\n\t\t\t<div class=\"elementor-spacer-inner\"><\/div>\n\t\t<\/div>\n\t\t\t\t\t\t<\/div>\n\t\t\t\t<\/div>\n\t\t\t\t\t<\/div>\n\t\t<\/div>\n\t\t\t\t\t<\/div>\n\t\t<\/section>\n\t\t\t\t<\/div>\n\t\t","protected":false},"excerpt":{"rendered":"<p>soporte f\u00edsico Instalaci\u00f3ns cient\u00edficas Froito do traballo e colaboraci\u00f3ns realizados por EMALCSA e a UDC&hellip;<\/p>\n","protected":false},"author":2,"featured_media":0,"parent":0,"menu_order":0,"comment_status":"closed","ping_status":"closed","template":"","meta":{"inline_featured_image":false,"_themeisle_gutenberg_block_has_review":false,"footnotes":""},"class_list":["post-23014","page","type-page","status-publish","hentry"],"yoast_head":"<!-- This site is optimized with the Yoast SEO plugin v26.9 - https:\/\/yoast.com\/product\/yoast-seo-wordpress\/ -->\n<title>Infraestruturas de investigaci\u00f3n - C\u00e1tedra Emalcsa - UDC<\/title>\n<meta name=\"robots\" content=\"index, follow, max-snippet:-1, max-image-preview:large, max-video-preview:-1\" \/>\n<link rel=\"canonical\" href=\"https:\/\/www.catedraemalcsa.com\/gl\/infraestruturas-de-investigacion\/\" \/>\n<meta property=\"og:locale\" content=\"gl_ES\" \/>\n<meta property=\"og:type\" content=\"article\" \/>\n<meta property=\"og:title\" content=\"Infraestruturas de investigaci\u00f3n - C\u00e1tedra Emalcsa - UDC\" \/>\n<meta property=\"og:description\" content=\"soporte f\u00edsico Instalaci\u00f3ns cient\u00edficas Froito do traballo e colaboraci\u00f3ns realizados por EMALCSA e a UDC&hellip;\" \/>\n<meta property=\"og:url\" content=\"https:\/\/www.catedraemalcsa.com\/gl\/infraestruturas-de-investigacion\/\" \/>\n<meta property=\"og:site_name\" content=\"C\u00e1tedra Emalcsa - UDC\" \/>\n<meta property=\"article:publisher\" content=\"https:\/\/www.facebook.com\/Ctedra-Emalcsa-Udc-426980904504313\/\" \/>\n<meta property=\"article:modified_time\" content=\"2023-03-19T12:53:24+00:00\" \/>\n<meta property=\"og:image\" content=\"https:\/\/www.catedraemalcsa.com\/wp-content\/uploads\/2022\/11\/bens-890x664.jpg\" \/>\n<meta name=\"twitter:card\" content=\"summary_large_image\" \/>\n<meta name=\"twitter:site\" content=\"@CatEmalcsaUdc\" \/>\n<meta name=\"twitter:label1\" content=\"Tempo de lectura\" \/>\n\t<meta name=\"twitter:data1\" content=\"2 minutos\" \/>\n<script type=\"application\/ld+json\" class=\"yoast-schema-graph\">{\"@context\":\"https:\/\/schema.org\",\"@graph\":[{\"@type\":\"WebPage\",\"@id\":\"https:\/\/www.catedraemalcsa.com\/gl\/infraestruturas-de-investigacion\/\",\"url\":\"https:\/\/www.catedraemalcsa.com\/gl\/infraestruturas-de-investigacion\/\",\"name\":\"Infraestruturas de investigaci\u00f3n - C\u00e1tedra Emalcsa - UDC\",\"isPartOf\":{\"@id\":\"https:\/\/www.catedraemalcsa.com\/gl\/#website\"},\"primaryImageOfPage\":{\"@id\":\"https:\/\/www.catedraemalcsa.com\/gl\/infraestruturas-de-investigacion\/#primaryimage\"},\"image\":{\"@id\":\"https:\/\/www.catedraemalcsa.com\/gl\/infraestruturas-de-investigacion\/#primaryimage\"},\"thumbnailUrl\":\"https:\/\/www.catedraemalcsa.com\/wp-content\/uploads\/2022\/11\/bens-890x664.jpg\",\"datePublished\":\"2022-11-14T11:39:27+00:00\",\"dateModified\":\"2023-03-19T12:53:24+00:00\",\"breadcrumb\":{\"@id\":\"https:\/\/www.catedraemalcsa.com\/gl\/infraestruturas-de-investigacion\/#breadcrumb\"},\"inLanguage\":\"gl-ES\",\"potentialAction\":[{\"@type\":\"ReadAction\",\"target\":[\"https:\/\/www.catedraemalcsa.com\/gl\/infraestruturas-de-investigacion\/\"]}]},{\"@type\":\"ImageObject\",\"inLanguage\":\"gl-ES\",\"@id\":\"https:\/\/www.catedraemalcsa.com\/gl\/infraestruturas-de-investigacion\/#primaryimage\",\"url\":\"https:\/\/www.catedraemalcsa.com\/wp-content\/uploads\/2022\/11\/bens-890x664.jpg\",\"contentUrl\":\"https:\/\/www.catedraemalcsa.com\/wp-content\/uploads\/2022\/11\/bens-890x664.jpg\"},{\"@type\":\"BreadcrumbList\",\"@id\":\"https:\/\/www.catedraemalcsa.com\/gl\/infraestruturas-de-investigacion\/#breadcrumb\",\"itemListElement\":[{\"@type\":\"ListItem\",\"position\":1,\"name\":\"Portada\",\"item\":\"https:\/\/www.catedraemalcsa.com\/gl\/\"},{\"@type\":\"ListItem\",\"position\":2,\"name\":\"Infraestruturas de investigaci\u00f3n\"}]},{\"@type\":\"WebSite\",\"@id\":\"https:\/\/www.catedraemalcsa.com\/gl\/#website\",\"url\":\"https:\/\/www.catedraemalcsa.com\/gl\/\",\"name\":\"C\u00e1tedra Emalcsa - UDC\",\"description\":\"P\u00e1gina web de la C\u00e1tedra Emalcsa - UDC en la que se tratan aspectos relacionados con la gesti\u00f3n integrada del recurso del agua.\",\"publisher\":{\"@id\":\"https:\/\/www.catedraemalcsa.com\/gl\/#organization\"},\"potentialAction\":[{\"@type\":\"SearchAction\",\"target\":{\"@type\":\"EntryPoint\",\"urlTemplate\":\"https:\/\/www.catedraemalcsa.com\/gl\/?s={search_term_string}\"},\"query-input\":{\"@type\":\"PropertyValueSpecification\",\"valueRequired\":true,\"valueName\":\"search_term_string\"}}],\"inLanguage\":\"gl-ES\"},{\"@type\":\"Organization\",\"@id\":\"https:\/\/www.catedraemalcsa.com\/gl\/#organization\",\"name\":\"C\u00e1tedra Emalcsa - UDC\",\"url\":\"https:\/\/www.catedraemalcsa.com\/gl\/\",\"logo\":{\"@type\":\"ImageObject\",\"inLanguage\":\"gl-ES\",\"@id\":\"https:\/\/www.catedraemalcsa.com\/gl\/#\/schema\/logo\/image\/\",\"url\":\"https:\/\/www.catedraemalcsa.com\/wp-content\/uploads\/2022\/10\/LOGOTIPO-EMALCSA.png\",\"contentUrl\":\"https:\/\/www.catedraemalcsa.com\/wp-content\/uploads\/2022\/10\/LOGOTIPO-EMALCSA.png\",\"width\":600,\"height\":180,\"caption\":\"C\u00e1tedra Emalcsa - UDC\"},\"image\":{\"@id\":\"https:\/\/www.catedraemalcsa.com\/gl\/#\/schema\/logo\/image\/\"},\"sameAs\":[\"https:\/\/www.facebook.com\/Ctedra-Emalcsa-Udc-426980904504313\/\",\"https:\/\/x.com\/CatEmalcsaUdc\",\"http:\/\/www.linkedin.com\/in\/catedra-emalcsa-udc\"]}]}<\/script>\n<!-- \/ Yoast SEO plugin. -->","yoast_head_json":{"title":"Infraestruturas de investigaci\u00f3n - C\u00e1tedra Emalcsa - UDC","robots":{"index":"index","follow":"follow","max-snippet":"max-snippet:-1","max-image-preview":"max-image-preview:large","max-video-preview":"max-video-preview:-1"},"canonical":"https:\/\/www.catedraemalcsa.com\/gl\/infraestruturas-de-investigacion\/","og_locale":"gl_ES","og_type":"article","og_title":"Infraestruturas de investigaci\u00f3n - C\u00e1tedra Emalcsa - UDC","og_description":"soporte f\u00edsico Instalaci\u00f3ns cient\u00edficas Froito do traballo e colaboraci\u00f3ns realizados por EMALCSA e a UDC&hellip;","og_url":"https:\/\/www.catedraemalcsa.com\/gl\/infraestruturas-de-investigacion\/","og_site_name":"C\u00e1tedra Emalcsa - UDC","article_publisher":"https:\/\/www.facebook.com\/Ctedra-Emalcsa-Udc-426980904504313\/","article_modified_time":"2023-03-19T12:53:24+00:00","og_image":[{"url":"https:\/\/www.catedraemalcsa.com\/wp-content\/uploads\/2022\/11\/bens-890x664.jpg","type":"","width":"","height":""}],"twitter_card":"summary_large_image","twitter_site":"@CatEmalcsaUdc","twitter_misc":{"Tempo de lectura":"2 minutos"},"schema":{"@context":"https:\/\/schema.org","@graph":[{"@type":"WebPage","@id":"https:\/\/www.catedraemalcsa.com\/gl\/infraestruturas-de-investigacion\/","url":"https:\/\/www.catedraemalcsa.com\/gl\/infraestruturas-de-investigacion\/","name":"Infraestruturas de investigaci\u00f3n - C\u00e1tedra Emalcsa - UDC","isPartOf":{"@id":"https:\/\/www.catedraemalcsa.com\/gl\/#website"},"primaryImageOfPage":{"@id":"https:\/\/www.catedraemalcsa.com\/gl\/infraestruturas-de-investigacion\/#primaryimage"},"image":{"@id":"https:\/\/www.catedraemalcsa.com\/gl\/infraestruturas-de-investigacion\/#primaryimage"},"thumbnailUrl":"https:\/\/www.catedraemalcsa.com\/wp-content\/uploads\/2022\/11\/bens-890x664.jpg","datePublished":"2022-11-14T11:39:27+00:00","dateModified":"2023-03-19T12:53:24+00:00","breadcrumb":{"@id":"https:\/\/www.catedraemalcsa.com\/gl\/infraestruturas-de-investigacion\/#breadcrumb"},"inLanguage":"gl-ES","potentialAction":[{"@type":"ReadAction","target":["https:\/\/www.catedraemalcsa.com\/gl\/infraestruturas-de-investigacion\/"]}]},{"@type":"ImageObject","inLanguage":"gl-ES","@id":"https:\/\/www.catedraemalcsa.com\/gl\/infraestruturas-de-investigacion\/#primaryimage","url":"https:\/\/www.catedraemalcsa.com\/wp-content\/uploads\/2022\/11\/bens-890x664.jpg","contentUrl":"https:\/\/www.catedraemalcsa.com\/wp-content\/uploads\/2022\/11\/bens-890x664.jpg"},{"@type":"BreadcrumbList","@id":"https:\/\/www.catedraemalcsa.com\/gl\/infraestruturas-de-investigacion\/#breadcrumb","itemListElement":[{"@type":"ListItem","position":1,"name":"Portada","item":"https:\/\/www.catedraemalcsa.com\/gl\/"},{"@type":"ListItem","position":2,"name":"Infraestruturas de investigaci\u00f3n"}]},{"@type":"WebSite","@id":"https:\/\/www.catedraemalcsa.com\/gl\/#website","url":"https:\/\/www.catedraemalcsa.com\/gl\/","name":"C\u00e1tedra Emalcsa - UDC","description":"P\u00e1gina web de la C\u00e1tedra Emalcsa - UDC en la que se tratan aspectos relacionados con la gesti\u00f3n integrada del recurso del agua.","publisher":{"@id":"https:\/\/www.catedraemalcsa.com\/gl\/#organization"},"potentialAction":[{"@type":"SearchAction","target":{"@type":"EntryPoint","urlTemplate":"https:\/\/www.catedraemalcsa.com\/gl\/?s={search_term_string}"},"query-input":{"@type":"PropertyValueSpecification","valueRequired":true,"valueName":"search_term_string"}}],"inLanguage":"gl-ES"},{"@type":"Organization","@id":"https:\/\/www.catedraemalcsa.com\/gl\/#organization","name":"C\u00e1tedra Emalcsa - UDC","url":"https:\/\/www.catedraemalcsa.com\/gl\/","logo":{"@type":"ImageObject","inLanguage":"gl-ES","@id":"https:\/\/www.catedraemalcsa.com\/gl\/#\/schema\/logo\/image\/","url":"https:\/\/www.catedraemalcsa.com\/wp-content\/uploads\/2022\/10\/LOGOTIPO-EMALCSA.png","contentUrl":"https:\/\/www.catedraemalcsa.com\/wp-content\/uploads\/2022\/10\/LOGOTIPO-EMALCSA.png","width":600,"height":180,"caption":"C\u00e1tedra Emalcsa - UDC"},"image":{"@id":"https:\/\/www.catedraemalcsa.com\/gl\/#\/schema\/logo\/image\/"},"sameAs":["https:\/\/www.facebook.com\/Ctedra-Emalcsa-Udc-426980904504313\/","https:\/\/x.com\/CatEmalcsaUdc","http:\/\/www.linkedin.com\/in\/catedra-emalcsa-udc"]}]}},"_links":{"self":[{"href":"https:\/\/www.catedraemalcsa.com\/gl\/wp-json\/wp\/v2\/pages\/23014","targetHints":{"allow":["GET"]}}],"collection":[{"href":"https:\/\/www.catedraemalcsa.com\/gl\/wp-json\/wp\/v2\/pages"}],"about":[{"href":"https:\/\/www.catedraemalcsa.com\/gl\/wp-json\/wp\/v2\/types\/page"}],"author":[{"embeddable":true,"href":"https:\/\/www.catedraemalcsa.com\/gl\/wp-json\/wp\/v2\/users\/2"}],"replies":[{"embeddable":true,"href":"https:\/\/www.catedraemalcsa.com\/gl\/wp-json\/wp\/v2\/comments?post=23014"}],"version-history":[{"count":0,"href":"https:\/\/www.catedraemalcsa.com\/gl\/wp-json\/wp\/v2\/pages\/23014\/revisions"}],"wp:attachment":[{"href":"https:\/\/www.catedraemalcsa.com\/gl\/wp-json\/wp\/v2\/media?parent=23014"}],"curies":[{"name":"wp","href":"https:\/\/api.w.org\/{rel}","templated":true}]}}