{"id":22808,"date":"2022-11-17T08:24:33","date_gmt":"2022-11-17T08:24:33","guid":{"rendered":"https:\/\/www.catedraemalcsa.com\/informes-anuales\/"},"modified":"2023-03-20T18:52:51","modified_gmt":"2023-03-20T18:52:51","slug":"informes-anuais","status":"publish","type":"page","link":"https:\/\/www.catedraemalcsa.com\/gl\/informes-anuais\/","title":{"rendered":"Informes anuais"},"content":{"rendered":"\t\t<div data-elementor-type=\"wp-page\" data-elementor-id=\"22808\" class=\"elementor elementor-22808 elementor-20617\">\n\t\t\t\t\t\t<section class=\"elementor-section elementor-top-section elementor-element elementor-element-00a2060 elementor-section-boxed elementor-section-height-default elementor-section-height-default sc_fly_static\" data-id=\"00a2060\" data-element_type=\"section\" data-e-type=\"section\">\n\t\t\t\t\t\t<div class=\"elementor-container elementor-column-gap-extended\">\n\t\t\t\t\t<div class=\"elementor-column elementor-col-100 elementor-top-column elementor-element elementor-element-5eb5aa5 sc_inner_width_none sc_content_align_inherit sc_layouts_column_icons_position_left sc_fly_static\" data-id=\"5eb5aa5\" data-element_type=\"column\" data-e-type=\"column\">\n\t\t\t<div class=\"elementor-widget-wrap elementor-element-populated\">\n\t\t\t\t\t\t<div class=\"elementor-element elementor-element-62b388c sc_height_medium sc_fly_static elementor-widget elementor-widget-spacer\" data-id=\"62b388c\" data-element_type=\"widget\" data-e-type=\"widget\" data-widget_type=\"spacer.default\">\n\t\t\t\t<div class=\"elementor-widget-container\">\n\t\t\t\t\t\t\t<div class=\"elementor-spacer\">\n\t\t\t<div class=\"elementor-spacer-inner\"><\/div>\n\t\t<\/div>\n\t\t\t\t\t\t<\/div>\n\t\t\t\t<\/div>\n\t\t\t\t\t<\/div>\n\t\t<\/div>\n\t\t\t\t\t<\/div>\n\t\t<\/section>\n\t\t\t\t<section class=\"elementor-section elementor-top-section elementor-element elementor-element-b71240f elementor-section-boxed elementor-section-height-default elementor-section-height-default sc_fly_static\" data-id=\"b71240f\" data-element_type=\"section\" data-e-type=\"section\">\n\t\t\t\t\t\t<div class=\"elementor-container elementor-column-gap-extended\">\n\t\t\t\t\t<div class=\"elementor-column elementor-col-33 elementor-top-column elementor-element elementor-element-a6314b3 sc_inner_width_none sc_content_align_inherit sc_layouts_column_icons_position_left sc_fly_static\" data-id=\"a6314b3\" data-element_type=\"column\" data-e-type=\"column\">\n\t\t\t<div class=\"elementor-widget-wrap elementor-element-populated\">\n\t\t\t\t\t\t<div class=\"elementor-element elementor-element-ab6393a elementor-widget-tablet__width-auto sc_fly_static elementor-widget elementor-widget-trx_sc_title\" data-id=\"ab6393a\" data-element_type=\"widget\" data-e-type=\"widget\" data-widget_type=\"trx_sc_title.default\">\n\t\t\t\t<div class=\"elementor-widget-container\">\n\t\t\t\t\t<div\t\tclass=\"sc_title sc_title_default\" ><span class=\"sc_item_subtitle sc_title_subtitle sc_align_right sc_item_subtitle_above sc_item_title_style_default\">C\u00c1TEDRA EMALCSA-UDC<\/span><h1 class=\"sc_item_title sc_title_title sc_align_right sc_item_title_style_default sc_item_title_tag\"\n\t\t\t><span class=\"sc_item_title_text\"><span class=\"accent1\">Transparencia<\/span>: informes anuais de xesti\u00f3n<\/span><\/h1><\/div>\t\t\t\t<\/div>\n\t\t\t\t<\/div>\n\t\t\t\t\t<\/div>\n\t\t<\/div>\n\t\t\t\t<div class=\"elementor-column elementor-col-66 elementor-top-column elementor-element elementor-element-bb74b6d sc_inner_width_none sc_content_align_inherit sc_layouts_column_icons_position_left sc_fly_static\" data-id=\"bb74b6d\" data-element_type=\"column\" data-e-type=\"column\">\n\t\t\t<div class=\"elementor-widget-wrap elementor-element-populated\">\n\t\t\t\t\t\t<div class=\"elementor-element elementor-element-03915a4 sc_fly_static elementor-widget elementor-widget-spacer\" data-id=\"03915a4\" data-element_type=\"widget\" data-e-type=\"widget\" data-widget_type=\"spacer.default\">\n\t\t\t\t<div class=\"elementor-widget-container\">\n\t\t\t\t\t\t\t<div class=\"elementor-spacer\">\n\t\t\t<div class=\"elementor-spacer-inner\"><\/div>\n\t\t<\/div>\n\t\t\t\t\t\t<\/div>\n\t\t\t\t<\/div>\n\t\t\t\t<div class=\"elementor-element elementor-element-086cd33 sc_fly_static elementor-widget elementor-widget-text-editor\" data-id=\"086cd33\" data-element_type=\"widget\" data-e-type=\"widget\" data-widget_type=\"text-editor.default\">\n\t\t\t\t<div class=\"elementor-widget-container\">\n\t\t\t\t\t\t\t\t\t<p>A C\u00e1tedra EMALCSA-UDC exp\u00f3n a s\u00faa actividade a trav\u00e9s dos informes anuais de xesti\u00f3n, aprobados polo Comit\u00e9 de Seguimento.<\/p>\t\t\t\t\t\t\t\t<\/div>\n\t\t\t\t<\/div>\n\t\t\t\t<div class=\"elementor-element elementor-element-0b5bbe9 sc_fly_static elementor-widget elementor-widget-spacer\" data-id=\"0b5bbe9\" data-element_type=\"widget\" data-e-type=\"widget\" data-widget_type=\"spacer.default\">\n\t\t\t\t<div class=\"elementor-widget-container\">\n\t\t\t\t\t\t\t<div class=\"elementor-spacer\">\n\t\t\t<div class=\"elementor-spacer-inner\"><\/div>\n\t\t<\/div>\n\t\t\t\t\t\t<\/div>\n\t\t\t\t<\/div>\n\t\t\t\t<div class=\"elementor-element elementor-element-4d14e9c stax-condition-yes stax-user_role_enabled-yes sc_fly_static elementor-widget elementor-widget-text-editor\" data-id=\"4d14e9c\" data-element_type=\"widget\" data-e-type=\"widget\" data-widget_type=\"text-editor.default\">\n\t\t\t\t<div class=\"elementor-widget-container\">\n\t\t\t\t\t\t\t\t\t<p>Se queres consultar os nosos informes anuais, <strong><a href=\"https:\/\/www.catedraemalcsa.com\/gl\/inicio-de-sesion\">inicia sesi\u00f3n<\/a><\/strong>.<\/p>\t\t\t\t\t\t\t\t<\/div>\n\t\t\t\t<\/div>\n\t\t\t\t\t<\/div>\n\t\t<\/div>\n\t\t\t\t\t<\/div>\n\t\t<\/section>\n\t\t\t\t<section class=\"elementor-section elementor-top-section elementor-element elementor-element-9d8f425 elementor-section-boxed elementor-section-height-default elementor-section-height-default sc_fly_static\" data-id=\"9d8f425\" data-element_type=\"section\" data-e-type=\"section\">\n\t\t\t\t\t\t<div class=\"elementor-container elementor-column-gap-extended\">\n\t\t\t\t\t<div class=\"elementor-column elementor-col-100 elementor-top-column elementor-element elementor-element-a3dea37 sc_inner_width_none sc_content_align_inherit sc_layouts_column_icons_position_left sc_fly_static\" data-id=\"a3dea37\" data-element_type=\"column\" data-e-type=\"column\">\n\t\t\t<div class=\"elementor-widget-wrap elementor-element-populated\">\n\t\t\t\t\t\t<div class=\"elementor-element elementor-element-3a6c3a0 sc_height_huge sc_fly_static elementor-widget elementor-widget-spacer\" data-id=\"3a6c3a0\" data-element_type=\"widget\" data-e-type=\"widget\" data-widget_type=\"spacer.default\">\n\t\t\t\t<div class=\"elementor-widget-container\">\n\t\t\t\t\t\t\t<div class=\"elementor-spacer\">\n\t\t\t<div class=\"elementor-spacer-inner\"><\/div>\n\t\t<\/div>\n\t\t\t\t\t\t<\/div>\n\t\t\t\t<\/div>\n\t\t\t\t\t<\/div>\n\t\t<\/div>\n\t\t\t\t\t<\/div>\n\t\t<\/section>\n\t\t\t\t<\/div>\n\t\t","protected":false},"excerpt":{"rendered":"<p>C\u00c1TEDRA EMALCSA-UDC Transparencia: informes anuais de xesti\u00f3n A C\u00e1tedra EMALCSA-UDC exp\u00f3n a s\u00faa actividade a&hellip;<\/p>\n","protected":false},"author":2,"featured_media":0,"parent":0,"menu_order":0,"comment_status":"closed","ping_status":"closed","template":"","meta":{"inline_featured_image":false,"_themeisle_gutenberg_block_has_review":false,"footnotes":""},"class_list":["post-22808","page","type-page","status-publish","hentry"],"yoast_head":"<!-- This site is optimized with the Yoast SEO plugin v26.9 - https:\/\/yoast.com\/product\/yoast-seo-wordpress\/ -->\n<title>Informes anuais - C\u00e1tedra Emalcsa - UDC<\/title>\n<meta name=\"robots\" content=\"index, follow, max-snippet:-1, max-image-preview:large, max-video-preview:-1\" \/>\n<link rel=\"canonical\" href=\"https:\/\/www.catedraemalcsa.com\/gl\/informes-anuais\/\" \/>\n<meta property=\"og:locale\" content=\"gl_ES\" \/>\n<meta property=\"og:type\" content=\"article\" \/>\n<meta property=\"og:title\" content=\"Informes anuais - C\u00e1tedra Emalcsa - UDC\" \/>\n<meta property=\"og:description\" content=\"C\u00c1TEDRA EMALCSA-UDC Transparencia: informes anuais de xesti\u00f3n A C\u00e1tedra EMALCSA-UDC exp\u00f3n a s\u00faa actividade a&hellip;\" \/>\n<meta property=\"og:url\" content=\"https:\/\/www.catedraemalcsa.com\/gl\/informes-anuais\/\" \/>\n<meta property=\"og:site_name\" content=\"C\u00e1tedra Emalcsa - UDC\" \/>\n<meta property=\"article:publisher\" content=\"https:\/\/www.facebook.com\/Ctedra-Emalcsa-Udc-426980904504313\/\" \/>\n<meta property=\"article:modified_time\" content=\"2023-03-20T18:52:51+00:00\" \/>\n<meta name=\"twitter:card\" content=\"summary_large_image\" \/>\n<meta name=\"twitter:site\" content=\"@CatEmalcsaUdc\" \/>\n<script type=\"application\/ld+json\" class=\"yoast-schema-graph\">{\"@context\":\"https:\/\/schema.org\",\"@graph\":[{\"@type\":\"WebPage\",\"@id\":\"https:\/\/www.catedraemalcsa.com\/gl\/informes-anuais\/\",\"url\":\"https:\/\/www.catedraemalcsa.com\/gl\/informes-anuais\/\",\"name\":\"Informes anuais - C\u00e1tedra Emalcsa - UDC\",\"isPartOf\":{\"@id\":\"https:\/\/www.catedraemalcsa.com\/gl\/#website\"},\"datePublished\":\"2022-11-17T08:24:33+00:00\",\"dateModified\":\"2023-03-20T18:52:51+00:00\",\"breadcrumb\":{\"@id\":\"https:\/\/www.catedraemalcsa.com\/gl\/informes-anuais\/#breadcrumb\"},\"inLanguage\":\"gl-ES\",\"potentialAction\":[{\"@type\":\"ReadAction\",\"target\":[\"https:\/\/www.catedraemalcsa.com\/gl\/informes-anuais\/\"]}]},{\"@type\":\"BreadcrumbList\",\"@id\":\"https:\/\/www.catedraemalcsa.com\/gl\/informes-anuais\/#breadcrumb\",\"itemListElement\":[{\"@type\":\"ListItem\",\"position\":1,\"name\":\"Portada\",\"item\":\"https:\/\/www.catedraemalcsa.com\/gl\/\"},{\"@type\":\"ListItem\",\"position\":2,\"name\":\"Informes anuais\"}]},{\"@type\":\"WebSite\",\"@id\":\"https:\/\/www.catedraemalcsa.com\/gl\/#website\",\"url\":\"https:\/\/www.catedraemalcsa.com\/gl\/\",\"name\":\"C\u00e1tedra Emalcsa - UDC\",\"description\":\"P\u00e1gina web de la C\u00e1tedra Emalcsa - UDC en la que se tratan aspectos relacionados con la gesti\u00f3n integrada del recurso del agua.\",\"publisher\":{\"@id\":\"https:\/\/www.catedraemalcsa.com\/gl\/#organization\"},\"potentialAction\":[{\"@type\":\"SearchAction\",\"target\":{\"@type\":\"EntryPoint\",\"urlTemplate\":\"https:\/\/www.catedraemalcsa.com\/gl\/?s={search_term_string}\"},\"query-input\":{\"@type\":\"PropertyValueSpecification\",\"valueRequired\":true,\"valueName\":\"search_term_string\"}}],\"inLanguage\":\"gl-ES\"},{\"@type\":\"Organization\",\"@id\":\"https:\/\/www.catedraemalcsa.com\/gl\/#organization\",\"name\":\"C\u00e1tedra Emalcsa - UDC\",\"url\":\"https:\/\/www.catedraemalcsa.com\/gl\/\",\"logo\":{\"@type\":\"ImageObject\",\"inLanguage\":\"gl-ES\",\"@id\":\"https:\/\/www.catedraemalcsa.com\/gl\/#\/schema\/logo\/image\/\",\"url\":\"https:\/\/www.catedraemalcsa.com\/wp-content\/uploads\/2022\/10\/LOGOTIPO-EMALCSA.png\",\"contentUrl\":\"https:\/\/www.catedraemalcsa.com\/wp-content\/uploads\/2022\/10\/LOGOTIPO-EMALCSA.png\",\"width\":600,\"height\":180,\"caption\":\"C\u00e1tedra Emalcsa - UDC\"},\"image\":{\"@id\":\"https:\/\/www.catedraemalcsa.com\/gl\/#\/schema\/logo\/image\/\"},\"sameAs\":[\"https:\/\/www.facebook.com\/Ctedra-Emalcsa-Udc-426980904504313\/\",\"https:\/\/x.com\/CatEmalcsaUdc\",\"http:\/\/www.linkedin.com\/in\/catedra-emalcsa-udc\"]}]}<\/script>\n<!-- \/ Yoast SEO plugin. -->","yoast_head_json":{"title":"Informes anuais - C\u00e1tedra Emalcsa - UDC","robots":{"index":"index","follow":"follow","max-snippet":"max-snippet:-1","max-image-preview":"max-image-preview:large","max-video-preview":"max-video-preview:-1"},"canonical":"https:\/\/www.catedraemalcsa.com\/gl\/informes-anuais\/","og_locale":"gl_ES","og_type":"article","og_title":"Informes anuais - C\u00e1tedra Emalcsa - UDC","og_description":"C\u00c1TEDRA EMALCSA-UDC Transparencia: informes anuais de xesti\u00f3n A C\u00e1tedra EMALCSA-UDC exp\u00f3n a s\u00faa actividade a&hellip;","og_url":"https:\/\/www.catedraemalcsa.com\/gl\/informes-anuais\/","og_site_name":"C\u00e1tedra Emalcsa - UDC","article_publisher":"https:\/\/www.facebook.com\/Ctedra-Emalcsa-Udc-426980904504313\/","article_modified_time":"2023-03-20T18:52:51+00:00","twitter_card":"summary_large_image","twitter_site":"@CatEmalcsaUdc","schema":{"@context":"https:\/\/schema.org","@graph":[{"@type":"WebPage","@id":"https:\/\/www.catedraemalcsa.com\/gl\/informes-anuais\/","url":"https:\/\/www.catedraemalcsa.com\/gl\/informes-anuais\/","name":"Informes anuais - C\u00e1tedra Emalcsa - UDC","isPartOf":{"@id":"https:\/\/www.catedraemalcsa.com\/gl\/#website"},"datePublished":"2022-11-17T08:24:33+00:00","dateModified":"2023-03-20T18:52:51+00:00","breadcrumb":{"@id":"https:\/\/www.catedraemalcsa.com\/gl\/informes-anuais\/#breadcrumb"},"inLanguage":"gl-ES","potentialAction":[{"@type":"ReadAction","target":["https:\/\/www.catedraemalcsa.com\/gl\/informes-anuais\/"]}]},{"@type":"BreadcrumbList","@id":"https:\/\/www.catedraemalcsa.com\/gl\/informes-anuais\/#breadcrumb","itemListElement":[{"@type":"ListItem","position":1,"name":"Portada","item":"https:\/\/www.catedraemalcsa.com\/gl\/"},{"@type":"ListItem","position":2,"name":"Informes anuais"}]},{"@type":"WebSite","@id":"https:\/\/www.catedraemalcsa.com\/gl\/#website","url":"https:\/\/www.catedraemalcsa.com\/gl\/","name":"C\u00e1tedra Emalcsa - UDC","description":"P\u00e1gina web de la C\u00e1tedra Emalcsa - UDC en la que se tratan aspectos relacionados con la gesti\u00f3n integrada del recurso del agua.","publisher":{"@id":"https:\/\/www.catedraemalcsa.com\/gl\/#organization"},"potentialAction":[{"@type":"SearchAction","target":{"@type":"EntryPoint","urlTemplate":"https:\/\/www.catedraemalcsa.com\/gl\/?s={search_term_string}"},"query-input":{"@type":"PropertyValueSpecification","valueRequired":true,"valueName":"search_term_string"}}],"inLanguage":"gl-ES"},{"@type":"Organization","@id":"https:\/\/www.catedraemalcsa.com\/gl\/#organization","name":"C\u00e1tedra Emalcsa - UDC","url":"https:\/\/www.catedraemalcsa.com\/gl\/","logo":{"@type":"ImageObject","inLanguage":"gl-ES","@id":"https:\/\/www.catedraemalcsa.com\/gl\/#\/schema\/logo\/image\/","url":"https:\/\/www.catedraemalcsa.com\/wp-content\/uploads\/2022\/10\/LOGOTIPO-EMALCSA.png","contentUrl":"https:\/\/www.catedraemalcsa.com\/wp-content\/uploads\/2022\/10\/LOGOTIPO-EMALCSA.png","width":600,"height":180,"caption":"C\u00e1tedra Emalcsa - UDC"},"image":{"@id":"https:\/\/www.catedraemalcsa.com\/gl\/#\/schema\/logo\/image\/"},"sameAs":["https:\/\/www.facebook.com\/Ctedra-Emalcsa-Udc-426980904504313\/","https:\/\/x.com\/CatEmalcsaUdc","http:\/\/www.linkedin.com\/in\/catedra-emalcsa-udc"]}]}},"_links":{"self":[{"href":"https:\/\/www.catedraemalcsa.com\/gl\/wp-json\/wp\/v2\/pages\/22808","targetHints":{"allow":["GET"]}}],"collection":[{"href":"https:\/\/www.catedraemalcsa.com\/gl\/wp-json\/wp\/v2\/pages"}],"about":[{"href":"https:\/\/www.catedraemalcsa.com\/gl\/wp-json\/wp\/v2\/types\/page"}],"author":[{"embeddable":true,"href":"https:\/\/www.catedraemalcsa.com\/gl\/wp-json\/wp\/v2\/users\/2"}],"replies":[{"embeddable":true,"href":"https:\/\/www.catedraemalcsa.com\/gl\/wp-json\/wp\/v2\/comments?post=22808"}],"version-history":[{"count":0,"href":"https:\/\/www.catedraemalcsa.com\/gl\/wp-json\/wp\/v2\/pages\/22808\/revisions"}],"wp:attachment":[{"href":"https:\/\/www.catedraemalcsa.com\/gl\/wp-json\/wp\/v2\/media?parent=22808"}],"curies":[{"name":"wp","href":"https:\/\/api.w.org\/{rel}","templated":true}]}}